{"id":108,"date":"2015-07-18T09:22:13","date_gmt":"2015-07-18T09:22:13","guid":{"rendered":"https:\/\/www.sofame.tn\/?page_id=108"},"modified":"2025-01-04T21:02:18","modified_gmt":"2025-01-04T21:02:18","slug":"home-2-2","status":"publish","type":"page","link":"https:\/\/www.sofame.tn\/fr\/","title":{"rendered":"Home fr"},"content":{"rendered":"<section class=\"wpb-content-wrapper\"><p>[vc_row parallax_style=\u00a0\u00bbnone\u00a0\u00bb parallax_scroll_effect=\u00a0\u00bbfixed\u00a0\u00bb el_class=\u00a0\u00bbmargin-bottom-100&Prime;][vc_column][rev_slider_vc alias=\u00a0\u00bbhome-2&Prime;][\/vc_column][\/vc_row][vc_row layout=\u00a0\u00bbboxed\u00a0\u00bb parallax_style=\u00a0\u00bbnone\u00a0\u00bb parallax_scroll_effect=\u00a0\u00bbfixed\u00a0\u00bb el_class=\u00a0\u00bbmargin-bottom-60&Prime;][vc_column width=\u00a0\u00bb1\/3&Prime; el_class=\u00a0\u00bbcol-md-4 col-sm-12 col-xs-12&Prime;]\t\t\t<div\n\t\t\t\tclass=\"darna-feature style1  \" >\n\t\t\t\t<div class=\"darna-feature-thumb\">\n\t\t\t\t\t\t\t\t\t\t\t<a data-rel=\"prettyPhoto[feature]\" href=\"https:\/\/www.sofame.tn\/wp-content\/uploads\/2024\/12\/Charpenterie-metallique-370x280.jpg\">\n\t\t\t\t\t\t\t<img decoding=\"async\" alt=\"Projets de Batiments\" src=\"https:\/\/www.sofame.tn\/wp-content\/uploads\/2024\/12\/Charpenterie-metallique-370x280.jpg\">\n\t\t\t\t\t\t<\/a>\n\t\t\t\t\t\t\t\t\t<\/div>\n\t\t\t\t<div class=\"darna-feature-content\">\n\t\t\t\t\t<h4>\n\t\t\t\t\t\t\t\t\t\t\t\t\t<i class=\"fa fa-thumbs-o-up\"><\/i>\n\t\t\t\t\t\t\t\t\t\t\t\t<a target=\"_self\"\n\t\t\t\t\t\t   href=\"#\">Projets de Batiments<\/a>\n\t\t\t\t\t<\/h4>\n\n\t\t\t\t\t<p>Cette structure extr\u00eamement r\u00e9sistante peut \u00eatre utilis\u00e9e pour tous types de constructions. Si elle a dans un premier temps majoritairement servie de squelette aux b\u00e2timents agricoles et industriels, elle s\u2019est aujourd\u2019hui largement d\u00e9mocratis\u00e9e et les constructeurs l\u2019utilisent de plus en plus pour l\u2019\u00e9rection d\u2019immeubles ou bien encore de maisons individuelles.<\/p>\n\t\t\t\t\t\t\t\t\t\t\t<a class=\"darna-button style4 size-xs\" target=\"_self\"\n\t\t\t\t\t\t   href=\"#\">Lire la suite<\/a>\n\t\t\t\t\t\t\t\t\t<\/div>\n\t\t\t<\/div>\n\t\t\t[\/vc_column][vc_column width=\u00a0\u00bb1\/3&Prime; el_class=\u00a0\u00bbcol-md-4 col-sm-12 col-xs-12&Prime;]\t\t\t<div\n\t\t\t\tclass=\"darna-feature style1  \" >\n\t\t\t\t<div class=\"darna-feature-thumb\">\n\t\t\t\t\t\t\t\t\t\t\t<a data-rel=\"prettyPhoto[feature]\" href=\"https:\/\/www.sofame.tn\/wp-content\/uploads\/2024\/12\/urbanisme-370x280.jpg\">\n\t\t\t\t\t\t\t<img decoding=\"async\" alt=\"Projets d&#039;urbanisme\" src=\"https:\/\/www.sofame.tn\/wp-content\/uploads\/2024\/12\/urbanisme-370x280.jpg\">\n\t\t\t\t\t\t<\/a>\n\t\t\t\t\t\t\t\t\t<\/div>\n\t\t\t\t<div class=\"darna-feature-content\">\n\t\t\t\t\t<h4>\n\t\t\t\t\t\t\t\t\t\t\t\t\t<i class=\"fa fa-eye\"><\/i>\n\t\t\t\t\t\t\t\t\t\t\t\t<a target=\"_self\"\n\t\t\t\t\t\t   href=\"#\">Projets d&#039;urbanisme<\/a>\n\t\t\t\t\t<\/h4>\n\n\t\t\t\t\t<p>Ils refl\u00e8te la vision globale de d\u00e9veloppement durable de la collectivit\u00e9 en tenant compte des enjeux li\u00e9s au logement, aux infrastructures, au d\u00e9veloppement \u00e9conomique et \u00e0 la protection de l\u2019environnement.&lt;\/p&gt;\n&lt;p&gt;Ce cadre r\u00e9glementaire vise \u00e0 harmoniser l\u2019urbanisation avec les objectifs \u00e0 long terme de la commune, tout en assurant un \u00e9quilibre entre croissance et respect des ressources locales.<\/p>\n\t\t\t\t\t\t\t\t\t\t\t<a class=\"darna-button style4 size-xs\" target=\"_self\"\n\t\t\t\t\t\t   href=\"#\">Lire la suite<\/a>\n\t\t\t\t\t\t\t\t\t<\/div>\n\t\t\t<\/div>\n\t\t\t[\/vc_column][vc_column width=\u00a0\u00bb1\/3&Prime; el_class=\u00a0\u00bbcol-md-4 col-sm-12 col-xs-12&Prime;]\t\t\t<div\n\t\t\t\tclass=\"darna-feature style1  \" >\n\t\t\t\t<div class=\"darna-feature-thumb\">\n\t\t\t\t\t\t\t\t\t\t\t<a data-rel=\"prettyPhoto[feature]\" href=\"https:\/\/www.sofame.tn\/wp-content\/uploads\/2024\/12\/structures-legeres-370x280.jpg\">\n\t\t\t\t\t\t\t<img decoding=\"async\" alt=\"Structures M\u00e9talliques L\u00e9g\u00e8res\" src=\"https:\/\/www.sofame.tn\/wp-content\/uploads\/2024\/12\/structures-legeres-370x280.jpg\">\n\t\t\t\t\t\t<\/a>\n\t\t\t\t\t\t\t\t\t<\/div>\n\t\t\t\t<div class=\"darna-feature-content\">\n\t\t\t\t\t<h4>\n\t\t\t\t\t\t\t\t\t\t\t\t\t<i class=\"fa fa-paper-plane\"><\/i>\n\t\t\t\t\t\t\t\t\t\t\t\t<a target=\"_self\"\n\t\t\t\t\t\t   href=\"#\">Structures M\u00e9talliques L\u00e9g\u00e8res<\/a>\n\t\t\t\t\t<\/h4>\n\n\t\t\t\t\t<p>Soyez pr\u00eat \u00e0 voir \u00e0 votre alentour des appartements en acier l\u00e9g\u00e8r \u2026 Il est possible d\u00e9sormais de construire les b\u00e2timents en acier l\u00e9g\u00e8r allant jusqu\u2019\u00e0 huit \u00e9tages aujourd\u2019hui gr\u00e2ce \u00e0 la nouvelle technologie et conception au lien des b\u00e2timents pouvant aller au maximum jusqu\u2019\u00e0 autre \u00e9tages. Cette technologie n\u2019est pas seulement appliqu\u00e9e pour les r\u00e9sidences, mais elle offre des conditions id\u00e9ales pour de nombreux b\u00e2timents publics<\/p>\n\t\t\t\t\t\t\t\t\t\t\t<a class=\"darna-button style4 size-xs\" target=\"_self\"\n\t\t\t\t\t\t   href=\"#\">Lire la suite<\/a>\n\t\t\t\t\t\t\t\t\t<\/div>\n\t\t\t<\/div>\n\t\t\t[\/vc_column][\/vc_row][vc_row parallax_style=\u00a0\u00bbnone\u00a0\u00bb parallax_scroll_effect=\u00a0\u00bbfixed\u00a0\u00bb css=\u00a0\u00bb.vc_custom_1733410463268{background-image: url(https:\/\/www.sofame.tn\/wp-content\/uploads\/2024\/12\/Charpente-SOFAME.jpg?id=43374) !important;background-position: center !important;background-repeat: no-repeat !important;background-size: cover !important;}\u00a0\u00bb el_class=\u00a0\u00bbmargin-bottom-100&Prime;][vc_column]\t\t\t<div\n\t\t\t\tclass=\"darna-heading style2 margin-bottom-40 margin-top-100\" >\n\t\t\t\t\t\t\t\t\t<h2>NOS VALEURS SOFAME<\/h2>\n\t\t\t\t\t\t\t\t\t\t\t\t\t<p>SOFAME VOTRE PARTENAIRE DE SUCCES<\/p>\n\t\t\t\t\t\t\t<\/div>\n\t\t\t\t\t\t<div data-plugin-options='{&quot;navigation&quot;:true,&quot;pagination&quot;:false,&quot;singleItem&quot;:true,&quot;transitionStyle&quot;:&quot;fade&quot;,&quot;stopOnHover&quot;:false,&quot;autoHeight&quot;:false,&quot;autoPlay&quot;:true,&quot;slideSpeed&quot;:1200}'\n\t\t\t     class=\"darna-testimonial style1 owl-carousel  margin-bottom-100\" >\n\t\t\t\t\t\t\t<div class=\"darna-testimonial-item\">\n\t\t\t\t<p>L&rsquo;expertise : nous avons la chance de b\u00e9n\u00e9ficier d&rsquo;une connaissance fine du march\u00e9 de la r\u00e9novation, des artisans et des mat\u00e9riaux. Vous \u00eates entre de bonnes mains !<\/p>\n\t\t\t\t\t\t\t<\/div>\n\t\t\t\t\t\t<div class=\"darna-testimonial-item\">\n\t\t\t\t<p>Le partage\nNous avons \u00e0 c\u0153ur de vous apporter des contenus clairs, pertinents et mis \u00e0 jour r\u00e9guli\u00e8rement pour vulgariser des sujets parfois complexes et vous aider \u00e0 prendre les bonnes d\u00e9cisions.\nVous r\u00eavez, nous r\u00e9novons !<\/p>\n\t\t\t\t\t\t\t<\/div>\n\t\t\t\t\t\t<div class=\"darna-testimonial-item\">\n\t\t\t\t<p>L&rsquo;accompagnement\nR\u00e9ussir ses travaux, c&rsquo;est avant tout une histoire de confiance et de suivi. C&rsquo;est pour cela que nous pla\u00e7ons la relation humaine au c\u0153ur de notre mod\u00e8le.\nFaisons-le ensemble !<\/p>\n\t\t\t\t\t\t\t<\/div>\n\t\t\t\t\t\t<\/div>\n\t\t\t[\/vc_column][\/vc_row][vc_row parallax_style=\u00a0\u00bbnone\u00a0\u00bb parallax_scroll_effect=\u00a0\u00bbfixed\u00a0\u00bb el_class=\u00a0\u00bbmargin-bottom-100&Prime;][vc_column]\t\t\t<div\n\t\t\t\tclass=\"darna-heading style1 margin-bottom-40\" >\n\t\t\t\t\t\t\t\t\t<h2>NOS PROJETS SOFAME<\/h2>\n\t\t\t\t\t\t\t\t\t\t\t\t\t<p>Du concept \u00e0 la cr\u00e9ation<\/p>\n\t\t\t\t\t\t\t<\/div>\n\t\t\t<div class=\"portfolio  margin-bottom-40   paging\" id=\"portfolio-69decd67c5c1f\">\n            <div  class=\"portfolio-wrapper darna-col-md-4  grid \"   data-section-id=\"69decd67c5c1f\" id=\"portfolio-container-69decd67c5c1f\" data-columns=\"4\">\n                    <div class=\"portfolio-item Construction InteriorDesign \">\n\n    <figure>\n    <img loading=\"lazy\" decoding=\"async\" width=\"480\" height=\"480\" src=\"https:\/\/www.sofame.tn\/wp-content\/uploads\/2026\/03\/IMG-20260303-WA0021-480x480.jpg\" alt=\"Porte Roulant Vertical\"\/>\n    <figcaption class=\"\">\n        <div class=\"fig-title\">\n                            <a href=\"https:\/\/www.sofame.tn\/fr\/portfolio\/porte-roulant-vertical\/\"><div class=\"title secondary-font bold-color primary-color-hover\">Porte Roulant Vertical<\/div> <\/a>\n            \n            <span class=\"category menu-font bold-color\">Construction, Interior Design<\/span>\n                            <a href=\"https:\/\/www.sofame.tn\/fr\/portfolio\/porte-roulant-vertical\/\" class=\"ico-view-detail\"><i class=\"fa fa-eye\"><\/i><\/a>\n                        <a class=\"ico-view-gallery prettyPhoto\" href=\"https:\/\/www.sofame.tn\/wp-content\/uploads\/2026\/03\/IMG-20260303-WA0021.jpg\" data-rel=\"prettyPhoto[pp_gal_43996]\"  title=\"Porte Roulant Vertical\">\n                <i class=\"fa fa-arrows-alt\"><\/i>\n            <\/a>\n        <\/div>\n    <\/figcaption>\n<\/figure>\n\n    <div style=\"display: none\">\n            <\/div>\n\n<\/div>\n                    <div class=\"portfolio-item \">\n\n    <figure>\n    <img loading=\"lazy\" decoding=\"async\" width=\"480\" height=\"480\" src=\"https:\/\/www.sofame.tn\/wp-content\/uploads\/2025\/08\/IMG-20250829-WA0002-480x480.jpg\" alt=\"ABRIS &#8211; REALISATIONS AOUT 2025\"\/>\n    <figcaption class=\"\">\n        <div class=\"fig-title\">\n                            <a href=\"https:\/\/www.sofame.tn\/fr\/portfolio\/abris-realisations-aout-2025\/\"><div class=\"title secondary-font bold-color primary-color-hover\">ABRIS &#8211; REALISATIONS AOUT 2025<\/div> <\/a>\n            \n            <span class=\"category menu-font bold-color\"><\/span>\n                            <a href=\"https:\/\/www.sofame.tn\/fr\/portfolio\/abris-realisations-aout-2025\/\" class=\"ico-view-detail\"><i class=\"fa fa-eye\"><\/i><\/a>\n                        <a class=\"ico-view-gallery prettyPhoto\" href=\"https:\/\/www.sofame.tn\/wp-content\/uploads\/2025\/08\/IMG-20250829-WA0002.jpg\" data-rel=\"prettyPhoto[pp_gal_43981]\"  title=\"ABRIS &#8211; REALISATIONS AOUT 2025\">\n                <i class=\"fa fa-arrows-alt\"><\/i>\n            <\/a>\n        <\/div>\n    <\/figcaption>\n<\/figure>\n\n    <div style=\"display: none\">\n            <\/div>\n\n<\/div>\n                    <div class=\"portfolio-item Architecture Construction \">\n\n    <figure>\n    <img loading=\"lazy\" decoding=\"async\" width=\"480\" height=\"480\" src=\"https:\/\/www.sofame.tn\/wp-content\/uploads\/2015\/07\/IMG-20241220-WA0088-480x480.jpg\" alt=\"Projet Abri de voitures\"\/>\n    <figcaption class=\"\">\n        <div class=\"fig-title\">\n                            <a href=\"https:\/\/www.sofame.tn\/fr\/portfolio\/projet-abri-de-voitures\/\"><div class=\"title secondary-font bold-color primary-color-hover\">Projet Abri de voitures<\/div> <\/a>\n            \n            <span class=\"category menu-font bold-color\">Architecture, Construction<\/span>\n                            <a href=\"https:\/\/www.sofame.tn\/fr\/portfolio\/projet-abri-de-voitures\/\" class=\"ico-view-detail\"><i class=\"fa fa-eye\"><\/i><\/a>\n                        <a class=\"ico-view-gallery prettyPhoto\" href=\"https:\/\/www.sofame.tn\/wp-content\/uploads\/2015\/07\/IMG-20241220-WA0088.jpg\" data-rel=\"prettyPhoto[pp_gal_189]\"  title=\"Projet Abri de voitures\">\n                <i class=\"fa fa-arrows-alt\"><\/i>\n            <\/a>\n        <\/div>\n    <\/figcaption>\n<\/figure>\n\n    <div style=\"display: none\">\n            <\/div>\n\n<\/div>\n                    <div class=\"portfolio-item Construction \">\n\n    <figure>\n    <img loading=\"lazy\" decoding=\"async\" width=\"480\" height=\"480\" src=\"https:\/\/www.sofame.tn\/wp-content\/uploads\/2015\/07\/IMG-20241203-WA0017-480x480.jpg\" alt=\"Projet de reconstruction des cages du zoo du Belv\u00e9d\u00e8re Tunis\"\/>\n    <figcaption class=\"\">\n        <div class=\"fig-title\">\n                            <a href=\"https:\/\/www.sofame.tn\/fr\/portfolio\/cage-animaux-zoo-belvedere\/\"><div class=\"title secondary-font bold-color primary-color-hover\">Projet de reconstruction des cages du zoo du Belv\u00e9d\u00e8re Tunis<\/div> <\/a>\n            \n            <span class=\"category menu-font bold-color\">Construction<\/span>\n                            <a href=\"https:\/\/www.sofame.tn\/fr\/portfolio\/cage-animaux-zoo-belvedere\/\" class=\"ico-view-detail\"><i class=\"fa fa-eye\"><\/i><\/a>\n                        <a class=\"ico-view-gallery prettyPhoto\" href=\"https:\/\/www.sofame.tn\/wp-content\/uploads\/2015\/07\/IMG-20241203-WA0017.jpg\" data-rel=\"prettyPhoto[pp_gal_187]\"  title=\"Projet de reconstruction des cages du zoo du Belv\u00e9d\u00e8re Tunis\">\n                <i class=\"fa fa-arrows-alt\"><\/i>\n            <\/a>\n        <\/div>\n    <\/figcaption>\n<\/figure>\n\n    <div style=\"display: none\">\n            <\/div>\n\n<\/div>\n                    <div class=\"portfolio-item Architecture Construction \">\n\n    <figure>\n    <img loading=\"lazy\" decoding=\"async\" width=\"480\" height=\"480\" src=\"https:\/\/www.sofame.tn\/wp-content\/uploads\/2015\/07\/IMG-20241220-WA0109-480x480.jpg\" alt=\"Escalier de secours Technopole el Ghazala Ariana\"\/>\n    <figcaption class=\"\">\n        <div class=\"fig-title\">\n                            <a href=\"https:\/\/www.sofame.tn\/fr\/portfolio\/escalier-de-secours-technopole-el-ghazala-ariana\/\"><div class=\"title secondary-font bold-color primary-color-hover\">Escalier de secours Technopole el Ghazala Ariana<\/div> <\/a>\n            \n            <span class=\"category menu-font bold-color\">Architecture, Construction<\/span>\n                            <a href=\"https:\/\/www.sofame.tn\/fr\/portfolio\/escalier-de-secours-technopole-el-ghazala-ariana\/\" class=\"ico-view-detail\"><i class=\"fa fa-eye\"><\/i><\/a>\n                        <a class=\"ico-view-gallery prettyPhoto\" href=\"https:\/\/www.sofame.tn\/wp-content\/uploads\/2015\/07\/IMG-20241220-WA0109.jpg\" data-rel=\"prettyPhoto[pp_gal_186]\"  title=\"Escalier de secours Technopole el Ghazala Ariana\">\n                <i class=\"fa fa-arrows-alt\"><\/i>\n            <\/a>\n        <\/div>\n    <\/figcaption>\n<\/figure>\n\n    <div style=\"display: none\">\n            <\/div>\n\n<\/div>\n                    <div class=\"portfolio-item Architecture InteriorDesign \">\n\n    <figure>\n    <img loading=\"lazy\" decoding=\"async\" width=\"480\" height=\"480\" src=\"https:\/\/www.sofame.tn\/wp-content\/uploads\/2015\/07\/IMG-20241220-WA0124-480x480.jpg\" alt=\"Escalier de secours\"\/>\n    <figcaption class=\"\">\n        <div class=\"fig-title\">\n                            <a href=\"https:\/\/www.sofame.tn\/fr\/portfolio\/escalier-de-secours\/\"><div class=\"title secondary-font bold-color primary-color-hover\">Escalier de secours<\/div> <\/a>\n            \n            <span class=\"category menu-font bold-color\">Architecture, Interior Design<\/span>\n                            <a href=\"https:\/\/www.sofame.tn\/fr\/portfolio\/escalier-de-secours\/\" class=\"ico-view-detail\"><i class=\"fa fa-eye\"><\/i><\/a>\n                        <a class=\"ico-view-gallery prettyPhoto\" href=\"https:\/\/www.sofame.tn\/wp-content\/uploads\/2015\/07\/IMG-20241220-WA0124.jpg\" data-rel=\"prettyPhoto[pp_gal_185]\"  title=\"Escalier de secours\">\n                <i class=\"fa fa-arrows-alt\"><\/i>\n            <\/a>\n        <\/div>\n    <\/figcaption>\n<\/figure>\n\n    <div style=\"display: none\">\n                        <div>\n                    <a href=\"https:\/\/www.sofame.tn\/wp-content\/uploads\/2015\/07\/IMG-20241220-WA0125.jpg\"  data-rel=\"prettyPhoto[pp_gal_185]\" title=\"<a href='https:\/\/www.sofame.tn\/fr\/portfolio\/escalier-de-secours\/'>Escalier de secours<\/a>\"><\/a>\n                <\/div>\n                <\/div>\n\n<\/div>\n                    <div class=\"portfolio-item Architecture \">\n\n    <figure>\n    <img loading=\"lazy\" decoding=\"async\" width=\"480\" height=\"480\" src=\"https:\/\/www.sofame.tn\/wp-content\/uploads\/2015\/07\/IMG-20241212-WA0007-480x480.jpg\" alt=\"Projet de station de carburant Nabeul\"\/>\n    <figcaption class=\"\">\n        <div class=\"fig-title\">\n                            <a href=\"https:\/\/www.sofame.tn\/fr\/portfolio\/projet-de-station-de-carburant-nabeul\/\"><div class=\"title secondary-font bold-color primary-color-hover\">Projet de station de carburant Nabeul<\/div> <\/a>\n            \n            <span class=\"category menu-font bold-color\">Architecture<\/span>\n                            <a href=\"https:\/\/www.sofame.tn\/fr\/portfolio\/projet-de-station-de-carburant-nabeul\/\" class=\"ico-view-detail\"><i class=\"fa fa-eye\"><\/i><\/a>\n                        <a class=\"ico-view-gallery prettyPhoto\" href=\"https:\/\/www.sofame.tn\/wp-content\/uploads\/2015\/07\/IMG-20241212-WA0007.jpg\" data-rel=\"prettyPhoto[pp_gal_184]\"  title=\"Projet de station de carburant Nabeul\">\n                <i class=\"fa fa-arrows-alt\"><\/i>\n            <\/a>\n        <\/div>\n    <\/figcaption>\n<\/figure>\n\n    <div style=\"display: none\">\n            <\/div>\n\n<\/div>\n        \n    <\/div>\n        \n<\/div>\n\n<script type=\"text\/javascript\">\n    (function($) {\n        \"use strict\";\n        \n        $(document).ready(function(){\n            $('.portfolio-item > div.entry-thumbnail').hoverdir();\n            PortfolioAjaxAction.init('https:\/\/www.sofame.tn\/wp-admin\/admin-ajax.php');\n            var $container = $('div[data-section-id=\"69decd67c5c1f\"]');\n            $($container).bind('afterOwlInit', function(){\n                $('.owl-controls','.portfolio-wrapper').addClass('container');\n            });\n        })\n    })(jQuery);\n<\/script>\n\n\n[vc_row_inner parallax_style=\u00a0\u00bbnone\u00a0\u00bb parallax_scroll_effect=\u00a0\u00bbfixed\u00a0\u00bb el_class=\u00a0\u00bbtext-center\u00a0\u00bb][vc_column_inner]\t\t\t\t\t\t<a class=\"darna-button size-md style4 icon-left  \"\n\t\t\t   href=\"http:\/\/demo.g5plus.net\/themes\/darna\/projects\/\"\n\t\t\t   title=\"View All\"\n\t\t\t   target=\"_self\"\n\t\t\t\t>\n\t\t\t\tView All\t\t\t<\/a>\n\t\t\t\t\t[\/vc_column_inner][\/vc_row_inner][\/vc_column][\/vc_row][vc_row parallax_style=\u00a0\u00bbnone\u00a0\u00bb parallax_scroll_effect=\u00a0\u00bbfixed\u00a0\u00bb css=\u00a0\u00bb.vc_custom_1438058588763{background-image: url(https:\/\/www.sofame.tn\/wp-content\/uploads\/2015\/07\/bg.jpg?id=624) !important;background-position: 0 0 !important;background-repeat: repeat !important;}\u00a0\u00bb el_class=\u00a0\u00bbmargin-bottom-100&Prime;][vc_column][\/vc_column][\/vc_row]<\/p>\n<\/section>","protected":false},"excerpt":{"rendered":"<p>[vc_row parallax_style=\u00a0\u00bbnone\u00a0\u00bb parallax_scroll_effect=\u00a0\u00bbfixed\u00a0\u00bb el_class=\u00a0\u00bbmargin-bottom-100&Prime;][vc_column][rev_slider_vc alias=\u00a0\u00bbhome-2&Prime;][\/vc_column][\/vc_row][vc_row layout=\u00a0\u00bbboxed\u00a0\u00bb parallax_style=\u00a0\u00bbnone\u00a0\u00bb parallax_scroll_effect=\u00a0\u00bbfixed\u00a0\u00bb el_class=\u00a0\u00bbmargin-bottom-60&Prime;][vc_column width=\u00a0\u00bb1\/3&Prime; el_class=\u00a0\u00bbcol-md-4 col-sm-12 col-xs-12&Prime;][\/vc_column][vc_column width=\u00a0\u00bb1\/3&Prime; el_class=\u00a0\u00bbcol-md-4 col-sm-12 col-xs-12&Prime;][\/vc_column][vc_column width=\u00a0\u00bb1\/3&Prime; el_class=\u00a0\u00bbcol-md-4 col-sm-12 col-xs-12&Prime;][\/vc_column][\/vc_row][vc_row parallax_style=\u00a0\u00bbnone\u00a0\u00bb parallax_scroll_effect=\u00a0\u00bbfixed\u00a0\u00bb css=\u00a0\u00bb.vc_custom_1733410463268{background-image: url(https:\/\/www.sofame.tn\/wp-content\/uploads\/2024\/12\/Charpente-SOFAME.jpg?id=43374) !important;background-position: center !important;background-repeat: no-repeat !important;background-size: cover !important;}\u00a0\u00bb el_class=\u00a0\u00bbmargin-bottom-100&Prime;][vc_column][\/vc_column][\/vc_row][vc_row parallax_style=\u00a0\u00bbnone\u00a0\u00bb parallax_scroll_effect=\u00a0\u00bbfixed\u00a0\u00bb el_class=\u00a0\u00bbmargin-bottom-100&Prime;][vc_column][vc_row_inner parallax_style=\u00a0\u00bbnone\u00a0\u00bb parallax_scroll_effect=\u00a0\u00bbfixed\u00a0\u00bb el_class=\u00a0\u00bbtext-center\u00a0\u00bb][vc_column_inner][\/vc_column_inner][\/vc_row_inner][\/vc_column][\/vc_row][vc_row parallax_style=\u00a0\u00bbnone\u00a0\u00bb parallax_scroll_effect=\u00a0\u00bbfixed\u00a0\u00bb css=\u00a0\u00bb.vc_custom_1438058588763{background-image: url(https:\/\/www.sofame.tn\/wp-content\/uploads\/2015\/07\/bg.jpg?id=624) !important;background-position: 0 0 !important;background-repeat: repeat !important;}\u00a0\u00bb el_class=\u00a0\u00bbmargin-bottom-100&Prime;][vc_column][\/vc_column][\/vc_row]<\/p>\n","protected":false},"author":1,"featured_media":0,"parent":0,"menu_order":0,"comment_status":"closed","ping_status":"closed","template":"","meta":{"footnotes":""},"class_list":["post-108","page","type-page","status-publish","hentry"],"_links":{"self":[{"href":"https:\/\/www.sofame.tn\/fr\/wp-json\/wp\/v2\/pages\/108","targetHints":{"allow":["GET"]}}],"collection":[{"href":"https:\/\/www.sofame.tn\/fr\/wp-json\/wp\/v2\/pages"}],"about":[{"href":"https:\/\/www.sofame.tn\/fr\/wp-json\/wp\/v2\/types\/page"}],"author":[{"embeddable":true,"href":"https:\/\/www.sofame.tn\/fr\/wp-json\/wp\/v2\/users\/1"}],"replies":[{"embeddable":true,"href":"https:\/\/www.sofame.tn\/fr\/wp-json\/wp\/v2\/comments?post=108"}],"version-history":[{"count":26,"href":"https:\/\/www.sofame.tn\/fr\/wp-json\/wp\/v2\/pages\/108\/revisions"}],"predecessor-version":[{"id":43499,"href":"https:\/\/www.sofame.tn\/fr\/wp-json\/wp\/v2\/pages\/108\/revisions\/43499"}],"wp:attachment":[{"href":"https:\/\/www.sofame.tn\/fr\/wp-json\/wp\/v2\/media?parent=108"}],"curies":[{"name":"wp","href":"https:\/\/api.w.org\/{rel}","templated":true}]}}