{"id":2043,"date":"2019-07-21T22:05:27","date_gmt":"2019-07-21T22:05:27","guid":{"rendered":"http:\/\/sofame.tn\/?post_type=product&#038;p=2043"},"modified":"2025-01-20T11:00:53","modified_gmt":"2025-01-20T11:00:53","slug":"abri-voiture-monopente-4x5m-bardage-1-cote","status":"publish","type":"product","link":"https:\/\/www.sofame.tn\/fr\/product\/abri-voiture-monopente-4x5m-bardage-1-cote\/","title":{"rendered":"Abri voiture monopente 4x5m + bardage 1 c\u00f4t\u00e9"},"content":{"rendered":"<div class=\"p-b-20\">\n<h3>On vous propose cet abri monopente en kit, neuf, jamais mont\u00e9.\u00a0<b>\u00a0<\/b><\/h3>\n<h3><strong>Ce carport en acier galvanis\u00e9 de 20 m\u00b2 vous offre une belle surface de protection pour vos v\u00e9hicules. Gr\u00e2ce \u00e0 la galvanisation, ce carport est prot\u00e9g\u00e9 de toute corrosion li\u00e9e \u00e0 la pluie et aux intemp\u00e9ries et ne n\u00e9cessite, ainsi, pas d\u2019entretien. Couvert d\u2019une toiture en t\u00f4les 5 ondes renforc\u00e9es (mod\u00e8le exclusif), il offre une grande r\u00e9sistance au vent. Robustesse et durabilit\u00e9 garantie !<\/strong><\/h3>\n<div><\/div>\n<h3>Ses points forts :<\/h3>\n<div><\/div>\n<h4>ROBUSTESSE ET R\u00c9SISTANCE :<\/h4>\n<ul>\n<li>Robustesse de la structure gr\u00e2ce aux profils \u03a3 : la plus grande dimension sur le march\u00e9 des abris, plus rigide qu&rsquo;un profil C<\/li>\n<li>Solidit\u00e9 de la couverture en\u00a0<strong>t\u00f4le de 1er choix 5 ondes renforc\u00e9es<\/strong>, un mod\u00e8le unique d&rsquo;onde pour une r\u00e9sistance 8% plus importante que la t\u00f4le classique<\/li>\n<li>Stabilit\u00e9 de l\u2019ossature gr\u00e2ce aux goussets, aux\u00a0<strong>croix de contreventement<\/strong>, aux liernes tubulaires r\u00e9glables (profils ferm\u00e9s plus rigides que les profils ouverts et \u00e9vitant ainsi le d\u00e9versement des pannes) et \u00e0 la \u00a0bretelle de renfort qui assure la rigidit\u00e9 et permet de garder la trav\u00e9e ouverte<\/li>\n<li>S\u00e9curit\u00e9 : rives de s\u00e9rie qui att\u00e9nuent le risque d&rsquo;arrachement des t\u00f4les en cas de vents violents<\/li>\n<li>Bardage sur un long pan bas pour davantage de protection<\/li>\n<li>Ne n\u00e9cessite pas d&rsquo;avoir un\u00a0<strong>permis de construire (surface inf\u00e9rieure ou \u00e9gale \u00e0 20m\u00b2)\u00a0&#8211;\u00a0<\/strong><em>\u00e0 confirmer aupr\u00e8s de votre commune<\/em><\/li>\n<\/ul>\n<h4>\u00c9CONOMIE ET DURABILIT\u00c9 GR\u00c2CE \u00c0 LA GALVANISATION<\/h4>\n<ul>\n<li>Pr\u00e9servation de la structure face aux effets n\u00e9fastes des variations de temp\u00e9ratures ext\u00e9rieures et du temps qui passe gr\u00e2ce \u00e0 l&rsquo;action anti-corrosion sur les \u00e9l\u00e9ments en m\u00e9tal<\/li>\n<li>Suppression des co\u00fbts d\u2019entretien sur le tr\u00e8s long terme contrairement \u00e0 une structure peinte qui n\u00e9cessite des retouches r\u00e9guli\u00e8res<\/li>\n<\/ul>\n<h4>ASSURANCE FABRICANT<\/h4>\n<ul>\n<li>Garanties fabricant incluses avec l&rsquo;<strong>assurance\u00a0\u00a0<\/strong><\/li>\n<\/ul>\n<h4>LIVRAISON ET MONTAGE SIMPLES<\/h4>\n<ul>\n<li>B\u00e2timent EN STOCK dans notre base logistique<\/li>\n<li><strong>Montage ais\u00e9<\/strong>, m\u00eame sans connaissance technique, \u00e0 l&rsquo;aide d&rsquo;un outillage l\u00e9ger, gr\u00e2ce aux trous oblongs, aux poteaux pr\u00e9s-perc\u00e9s \u00e0 fixer, \u00e0 la boulonnerie zingu\u00e9e, aux fixations, aux vis auto-foreuses et aux profil \u03a3 tr\u00e8s maniables<\/li>\n<\/ul>\n<h4>LE MEILLEUR RAPPORT QUALIT\u00c9\/PRIX DU MARCH\u00c9<\/h4>\n<ul>\n<li>Budget centr\u00e9 sur votre besoin premier : ne d\u00e9pensez que l&rsquo;essentiel et non l&rsquo;accessoire<\/li>\n<li>20 ans d&rsquo;expertise et des\u00a0<strong>centaines de clients t\u00e9moignent<\/strong>\u00a0que nos prix sont les plus comp\u00e9titifs du march\u00e9<\/li>\n<\/ul>\n<\/div>\n","protected":false},"excerpt":{"rendered":"<div class=\"section__product__details__tab__content\">\n<h4>FORMES ET VOLUMES<\/h4>\n<table>\n<tbody>\n<tr>\n<td>Type de b\u00e2timent :<\/td>\n<td>Ferm\u00e9 (partiellement)<\/td>\n<\/tr>\n<tr>\n<td>Superficie :<\/td>\n<td>20m<sup>2<\/sup><\/td>\n<\/tr>\n<tr>\n<td>Type de pente :<\/td>\n<td>Monopente (10%)<\/td>\n<\/tr>\n<tr>\n<td>Largeur :<\/td>\n<td>4m<\/td>\n<\/tr>\n<tr>\n<td>Longueur :<\/td>\n<td>5m<\/td>\n<\/tr>\n<tr>\n<td>Hauteur :<\/td>\n<td>3.4m<\/td>\n<\/tr>\n<tr>\n<td>Section ferme :<\/td>\n<td>\u03a3 200mm<\/td>\n<\/tr>\n<tr>\n<td>Section poteau :<\/td>\n<td>\u03a3 200mm<\/td>\n<\/tr>\n<tr>\n<td>Pannes :<\/td>\n<td>\u03a3200mm galvanis\u00e9es \u00e0 chaud<\/td>\n<\/tr>\n<\/tbody>\n<\/table>\n<\/div>\n<div class=\"section__product__details__tab__content\">\n<h4>HABILLAGE<\/h4>\n<table>\n<tbody>\n<tr>\n<td>Type de toiture :<\/td>\n<td>T\u00f4les laqu\u00e9es 50\/100\u00e8me<\/td>\n<\/tr>\n<tr>\n<td>Type de bardage :<\/td>\n<td>T\u00f4les laqu\u00e9es 50\/100\u00e8me<\/td>\n<\/tr>\n<tr>\n<td>Croix de contreventement :<\/td>\n<td>Incluses<\/td>\n<\/tr>\n<tr>\n<td>Boulonnerie et fixations :<\/td>\n<td>Incluses<\/td>\n<\/tr>\n<\/tbody>\n<\/table>\n<\/div>\n<div class=\"section__product__details__tab__content\">\n<h4><\/h4>\n<\/div>\n","protected":false},"featured_media":43759,"comment_status":"closed","ping_status":"closed","template":"","meta":[],"product_brand":[],"product_cat":[1146,942],"product_tag":[722],"class_list":{"0":"post-2043","1":"product","2":"type-product","3":"status-publish","4":"has-post-thumbnail","6":"product_cat-abris","7":"product_cat-charpenterie","8":"product_tag-decoration-fer-forge","10":"first","11":"instock","12":"shipping-taxable","13":"product-type-simple"},"_links":{"self":[{"href":"https:\/\/www.sofame.tn\/fr\/wp-json\/wp\/v2\/product\/2043","targetHints":{"allow":["GET"]}}],"collection":[{"href":"https:\/\/www.sofame.tn\/fr\/wp-json\/wp\/v2\/product"}],"about":[{"href":"https:\/\/www.sofame.tn\/fr\/wp-json\/wp\/v2\/types\/product"}],"replies":[{"embeddable":true,"href":"https:\/\/www.sofame.tn\/fr\/wp-json\/wp\/v2\/comments?post=2043"}],"wp:featuredmedia":[{"embeddable":true,"href":"https:\/\/www.sofame.tn\/fr\/wp-json\/wp\/v2\/media\/43759"}],"wp:attachment":[{"href":"https:\/\/www.sofame.tn\/fr\/wp-json\/wp\/v2\/media?parent=2043"}],"wp:term":[{"taxonomy":"product_brand","embeddable":true,"href":"https:\/\/www.sofame.tn\/fr\/wp-json\/wp\/v2\/product_brand?post=2043"},{"taxonomy":"product_cat","embeddable":true,"href":"https:\/\/www.sofame.tn\/fr\/wp-json\/wp\/v2\/product_cat?post=2043"},{"taxonomy":"product_tag","embeddable":true,"href":"https:\/\/www.sofame.tn\/fr\/wp-json\/wp\/v2\/product_tag?post=2043"}],"curies":[{"name":"wp","href":"https:\/\/api.w.org\/{rel}","templated":true}]}}