{"id":2053,"date":"2019-07-21T21:58:44","date_gmt":"2019-07-21T21:58:44","guid":{"rendered":"http:\/\/sofame.tn\/?post_type=product&#038;p=2053"},"modified":"2025-01-20T11:31:55","modified_gmt":"2025-01-20T11:31:55","slug":"abri-bi-pente-en-kit-6x15x335m","status":"publish","type":"product","link":"https:\/\/www.sofame.tn\/fr\/product\/abri-bi-pente-en-kit-6x15x335m\/","title":{"rendered":"Abri bi-pente en kit &#8211; 6x15x3,35m"},"content":{"rendered":"<div class=\"p-b-20\">\n<h3>On vous propose cet abri bipente en kit, neuf, jamais mont\u00e9.\u00a0<b>\u00a0<\/b><\/h3>\n<div><\/div>\n<h3><strong>D\u2019une surface de 90m\u00b2, ce carport m\u00e9tallique est id\u00e9al pour la protection de vos v\u00e9hicules et\/ou outils. Robuste, notre carport m\u00e9tallique offre une tr\u00e8s grande r\u00e9sistance gr\u00e2ce \u00e0 sa structure galvanis\u00e9e. Livraison rapide, montage simple !<\/strong><\/h3>\n<div><\/div>\n<h3>Ses points forts :<\/h3>\n<div><\/div>\n<h4>SUPERFICIE LARGE ET CONFORTABLE :<\/h4>\n<ul>\n<li>\n<div>\n<div>90m\u00b2 de surface couverte pour le stationnement de vos v\u00e9hicules ou le stockage de votre mat\u00e9riel<\/div>\n<\/div>\n<\/li>\n<\/ul>\n<h4>ROBUSTESSE ET R\u00c9SISTANCE :<\/h4>\n<ul>\n<li>Robustesse de la structure gr\u00e2ce aux profils \u03a3 : la plus grande dimension sur le march\u00e9 des abris, plus rigide qu&rsquo;un profil C<\/li>\n<li>Solidit\u00e9 de la couverture en\u00a0<strong>t\u00f4le de 1er choix 5 ondes renforc\u00e9es<\/strong>, un mod\u00e8le unique d&rsquo;onde pour une r\u00e9sistance 8% plus importante que la t\u00f4le classique<\/li>\n<li>Stabilit\u00e9 de l\u2019ossature gr\u00e2ce aux goussets, aux\u00a0<strong>croix de contreventement<\/strong>, aux liernes tubulaires r\u00e9glables (profils ferm\u00e9s plus rigides que les profils ouverts et \u00e9vitant ainsi le d\u00e9versement des pannes) et \u00e0 la \u00a0bretelle de renfort qui assure la rigidit\u00e9 et permet de garder la trav\u00e9e ouverte<\/li>\n<li>S\u00e9curit\u00e9 : rives de s\u00e9rie qui att\u00e9nuent le risque d&rsquo;arrachement des t\u00f4les en cas de vents violents<\/li>\n<\/ul>\n<h4>\u00c9CONOMIE ET DURABILIT\u00c9 GR\u00c2CE \u00c0 LA GALVANISATION :<\/h4>\n<ul>\n<li>Pr\u00e9servation de la structure face aux effets n\u00e9fastes des variations de temp\u00e9ratures ext\u00e9rieures et du temps qui passe gr\u00e2ce \u00e0 l&rsquo;action anti-corrosion sur les \u00e9l\u00e9ments en m\u00e9tal<\/li>\n<li>Suppression des co\u00fbts d\u2019entretien sur le tr\u00e8s long terme contrairement \u00e0 une structure peinte qui n\u00e9cessite des retouches r\u00e9guli\u00e8res<\/li>\n<\/ul>\n<h4>ASSURANCE FABRICANT :<\/h4>\n<ul>\n<li>Garanties fabricant incluses avec l&rsquo;<strong>assurance\u00a0\u00a0<\/strong><\/li>\n<\/ul>\n<h4>LIVRAISON ET MONTAGE SIMPLES :<\/h4>\n<ul>\n<li>B\u00e2timent EN STOCK dans notre base logistique<\/li>\n<li><strong>Montage ais\u00e9<\/strong>, m\u00eame sans connaissance technique, \u00e0 l&rsquo;aide d&rsquo;un outillage l\u00e9ger, gr\u00e2ce aux trous oblongs, aux poteaux pr\u00e9s-perc\u00e9s \u00e0 fixer, \u00e0 la boulonnerie zingu\u00e9e, aux fixations, aux vis auto-foreuses et aux profil \u03a3 tr\u00e8s maniables<\/li>\n<\/ul>\n<h4>LE MEILLEUR RAPPORT QUALIT\u00c9\/PRIX DU MARCH\u00c9 :<\/h4>\n<ul>\n<li>Budget centr\u00e9 sur votre besoin premier : ne d\u00e9pensez que l&rsquo;essentiel et non l&rsquo;accessoire<\/li>\n<li>20 ans d&rsquo;expertise et des\u00a0<strong>centaines de clients t\u00e9moignent<\/strong>\u00a0que nos prix sont les plus comp\u00e9titifs du march\u00e9<\/li>\n<\/ul>\n<\/div>\n","protected":false},"excerpt":{"rendered":"<div class=\"section__product__details__tab__content\">\n<h4>FORMES ET VOLUMES<\/h4>\n<table>\n<tbody>\n<tr>\n<td>Type de b\u00e2timent :<\/td>\n<td>Ouvert<\/td>\n<\/tr>\n<tr>\n<td>Superficie :<\/td>\n<td>90m<sup>2<\/sup><\/td>\n<\/tr>\n<tr>\n<td>Type de pente :<\/td>\n<td>Bi-pente (21%)<\/td>\n<\/tr>\n<tr>\n<td>Largeur :<\/td>\n<td>6m<\/td>\n<\/tr>\n<tr>\n<td>Longueur :<\/td>\n<td>15m<\/td>\n<\/tr>\n<tr>\n<td>Hauteur :<\/td>\n<td>3.35m<\/td>\n<\/tr>\n<tr>\n<td>Section ferme :<\/td>\n<td>\u03a3 200mm<\/td>\n<\/tr>\n<tr>\n<td>Section poteau :<\/td>\n<td>\u03a3 200mm<\/td>\n<\/tr>\n<tr>\n<td>Pannes :<\/td>\n<td>\u03a3200mm galvanis\u00e9es \u00e0 chaud<\/td>\n<\/tr>\n<\/tbody>\n<\/table>\n<\/div>\n<div class=\"section__product__details__tab__content\">\n<h4>HABILLAGE<\/h4>\n<table>\n<tbody>\n<tr>\n<td>Type de toiture :<\/td>\n<td>T\u00f4les laqu\u00e9es 50\/100\u00e8me<\/td>\n<\/tr>\n<tr>\n<td>Fa\u00eeti\u00e8re :<\/td>\n<td>Plate large<\/td>\n<\/tr>\n<tr>\n<td>Croix de contreventement :<\/td>\n<td>Incluses<\/td>\n<\/tr>\n<tr>\n<td>Boulonnerie et fixations :<\/td>\n<td>Incluses<\/td>\n<\/tr>\n<\/tbody>\n<\/table>\n<\/div>\n<div class=\"section__product__details__tab__content\">\n<h4>SP\u00c9CIFICIT\u00c9S<\/h4>\n<table>\n<tbody>\n<tr>\n<td>Sp\u00e9cificit\u00e9 1<\/td>\n<td>Grande hauteur (3.35m en bas de pente) : id\u00e9al pour abriter de grands v\u00e9hicules<\/td>\n<\/tr>\n<\/tbody>\n<\/table>\n<\/div>\n","protected":false},"featured_media":43766,"comment_status":"closed","ping_status":"closed","template":"","meta":[],"product_brand":[],"product_cat":[1146,942],"product_tag":[],"class_list":{"0":"post-2053","1":"product","2":"type-product","3":"status-publish","4":"has-post-thumbnail","6":"product_cat-abris","7":"product_cat-charpenterie","9":"first","10":"instock","11":"featured","12":"shipping-taxable","13":"product-type-simple"},"_links":{"self":[{"href":"https:\/\/www.sofame.tn\/fr\/wp-json\/wp\/v2\/product\/2053","targetHints":{"allow":["GET"]}}],"collection":[{"href":"https:\/\/www.sofame.tn\/fr\/wp-json\/wp\/v2\/product"}],"about":[{"href":"https:\/\/www.sofame.tn\/fr\/wp-json\/wp\/v2\/types\/product"}],"replies":[{"embeddable":true,"href":"https:\/\/www.sofame.tn\/fr\/wp-json\/wp\/v2\/comments?post=2053"}],"wp:featuredmedia":[{"embeddable":true,"href":"https:\/\/www.sofame.tn\/fr\/wp-json\/wp\/v2\/media\/43766"}],"wp:attachment":[{"href":"https:\/\/www.sofame.tn\/fr\/wp-json\/wp\/v2\/media?parent=2053"}],"wp:term":[{"taxonomy":"product_brand","embeddable":true,"href":"https:\/\/www.sofame.tn\/fr\/wp-json\/wp\/v2\/product_brand?post=2053"},{"taxonomy":"product_cat","embeddable":true,"href":"https:\/\/www.sofame.tn\/fr\/wp-json\/wp\/v2\/product_cat?post=2053"},{"taxonomy":"product_tag","embeddable":true,"href":"https:\/\/www.sofame.tn\/fr\/wp-json\/wp\/v2\/product_tag?post=2053"}],"curies":[{"name":"wp","href":"https:\/\/api.w.org\/{rel}","templated":true}]}}