{"id":2056,"date":"2013-06-07T11:22:50","date_gmt":"2013-06-07T11:22:50","guid":{"rendered":"http:\/\/sofame.tn\/?post_type=product&#038;p=2056"},"modified":"2019-07-29T22:34:12","modified_gmt":"2019-07-29T22:34:12","slug":"crystal-line-garde-corps__trashed","status":"publish","type":"product","link":"https:\/\/www.sofame.tn\/fr\/product\/crystal-line-garde-corps__trashed\/","title":{"rendered":"Crystal Line Garde-corps"},"content":{"rendered":"<p>Le syst\u00e8me de verre de support avanc\u00e9 bas\u00e9 sur des profil\u00e9s en aluminium est le syst\u00e8me id\u00e9al pour les balustrades vitr\u00e9es (balcons, escaliers et b\u00e2timents) aux normes architecturales \u00e9lev\u00e9es.<br \/>\nIl offre un r\u00e9sultat esth\u00e9tique et fonctionnel impressionnant sans limite de vue. Il ne n\u00e9cessite aucun entretien, est facile \u00e0 nettoyer et est fabriqu\u00e9 sous les normes UNI EN 10807 et NF P01-013.<br \/>\nLe syst\u00e8me Crystal Line est disponible en 3 mod\u00e8les de base: Int\u00e9gr\u00e9, Int\u00e9gr\u00e9 et Externe. Chacun des mod\u00e8les offre diff\u00e9rentes applications.<\/p>\n<p>Le syst\u00e8me peut \u00eatre plac\u00e9 sur un dernier \u00e9tage ou sur un parapet en utilisant un vitrage de 16 ou 20 mm de largeur et 100 cm de hauteur (triplex, securit). La base du syst\u00e8me est recouverte de panneaux lat\u00e9raux en aluminium qui permettent le remplacement du vitrage sans endommager le syst\u00e8me ou le sol final. Les capots lat\u00e9raux sont disponibles en RAL, couleurs sp\u00e9ciales, inox anodis\u00e9, imitation bois.<\/p>\n<p>Nous avons am\u00e9lior\u00e9 le syst\u00e8me en proposant l\u2019utilisation de 3 mod\u00e8les diff\u00e9rents de dessus de rail (circulaire, ovale et circulaire avec ouverture sp\u00e9ciale). Les dessus de rail sont facultatifs et sont disponibles dans la m\u00eame couleur que les couvertures lat\u00e9rales. Un vitrage sans rail est possible mais avec des bords polis.<\/p>\n<p>Essai sur rail Cat\u00e9gories: Logement \/ Utilisation r\u00e9sidentielle &#8211; 0,5 KN (0,5KN \/ m): A1, A2, B1<br \/>\nDes constructions relativement l\u00e9g\u00e8res peuvent \u00eatre utilis\u00e9es pour des applications domestiques. La balustrade en verre doit pouvoir r\u00e9sister \u00e0 0,5 KN par m\u00e8tre lin\u00e9aire.<\/p>\n<p>Fonction bureautique &#8211; 1 KN (1 KN \/ m): A2, B1, B2, C1<br \/>\nLes balustrades en verre dans les bureaux n\u00e9cessitent l\u2019utilisation de mat\u00e9riaux plus lourds. Le verre doit \u00eatre plus \u00e9pais et les profils doivent \u00e9videmment \u00eatre adapt\u00e9s en cons\u00e9quence. La balustrade en verre doit pouvoir supporter 1 KN par m\u00e8tre lin\u00e9aire.<\/p>\n<p>Les espaces publics et les stades, o\u00f9 de nombreuses personnes peuvent se rassembler dans de petits espaces, n\u00e9cessitent des balustrades robustes. L&rsquo;\u00e9paisseur du verre et les profils \u00e9pais assurent la s\u00e9curit\u00e9 sous des charges lourdes. La balustrade en verre doit pouvoir supporter jusqu&rsquo;\u00e0 3 KN par m\u00e8tre lin\u00e9aire.<\/p>\n","protected":false},"excerpt":{"rendered":"<p>Le syst\u00e8me de verre avanc\u00e9 support\u00e9 bas\u00e9 sur des profil\u00e9s en aluminium.<\/p>\n","protected":false},"featured_media":1332,"comment_status":"closed","ping_status":"closed","template":"","meta":[],"product_brand":[],"product_cat":[738],"product_tag":[],"class_list":{"0":"post-2056","1":"product","2":"type-product","3":"status-publish","4":"has-post-thumbnail","6":"product_cat-garde-de-corps-en-ligne-de-cristal","8":"first","9":"instock","10":"shipping-taxable","11":"purchasable","12":"product-type-simple"},"_links":{"self":[{"href":"https:\/\/www.sofame.tn\/fr\/wp-json\/wp\/v2\/product\/2056","targetHints":{"allow":["GET"]}}],"collection":[{"href":"https:\/\/www.sofame.tn\/fr\/wp-json\/wp\/v2\/product"}],"about":[{"href":"https:\/\/www.sofame.tn\/fr\/wp-json\/wp\/v2\/types\/product"}],"replies":[{"embeddable":true,"href":"https:\/\/www.sofame.tn\/fr\/wp-json\/wp\/v2\/comments?post=2056"}],"wp:featuredmedia":[{"embeddable":true,"href":"https:\/\/www.sofame.tn\/fr\/wp-json\/wp\/v2\/media\/1332"}],"wp:attachment":[{"href":"https:\/\/www.sofame.tn\/fr\/wp-json\/wp\/v2\/media?parent=2056"}],"wp:term":[{"taxonomy":"product_brand","embeddable":true,"href":"https:\/\/www.sofame.tn\/fr\/wp-json\/wp\/v2\/product_brand?post=2056"},{"taxonomy":"product_cat","embeddable":true,"href":"https:\/\/www.sofame.tn\/fr\/wp-json\/wp\/v2\/product_cat?post=2056"},{"taxonomy":"product_tag","embeddable":true,"href":"https:\/\/www.sofame.tn\/fr\/wp-json\/wp\/v2\/product_tag?post=2056"}],"curies":[{"name":"wp","href":"https:\/\/api.w.org\/{rel}","templated":true}]}}