{"id":2058,"date":"2019-07-21T21:52:56","date_gmt":"2019-07-21T21:52:56","guid":{"rendered":"http:\/\/sofame.tn\/?post_type=product&#038;p=2058"},"modified":"2025-01-20T13:18:49","modified_gmt":"2025-01-20T13:18:49","slug":"panneau-grillage-rigide","status":"publish","type":"product","link":"https:\/\/www.sofame.tn\/fr\/product\/panneau-grillage-rigide\/","title":{"rendered":"Panneau Grillage Rigide"},"content":{"rendered":"<div class=\"p-b-20\">\n<p>La cl\u00f4ture grillage rigide verte est l&rsquo;une des options pr\u00e9f\u00e9r\u00e9es de nos clients pour s&rsquo;adapter \u00e0 tous les types de terrain et son excellent rapport qualit\u00e9\/prix. Largement utilis\u00e9 pour\u00a0<strong>cl\u00f4tures commerciales et\u00a0industriel<\/strong>, son utilisation a \u00e9t\u00e9 \u00e9tendue \u00e0\u00a0cl\u00f4tures r\u00e9sidentielles, en particulier pour\u00a0<strong>enclos de jardin<\/strong>. Le panneau grillage rigide peut \u00eatre install\u00e9 avec un\u00a0processus d&rsquo;assemblage simple.<\/p>\n<p>La\u00a0<strong>fermet\u00e9, durabilit\u00e9 et \u00e9l\u00e9gance<\/strong>\u00a0sont quelques-unes des qualit\u00e9s les plus appr\u00e9ci\u00e9es du panneau de cl\u00f4ture vert. Constitu\u00e9s de grillage rigides ou de mailles modulaires, ils sont fabriqu\u00e9s en fil de zinc dur galvanis\u00e9 \u00e0 chaud sendzimir, avec une plastification de 100 microns minimum par phosphatation polyester microcristalline.<\/p>\n<p>De plus, ses quatre plis en V qui ajoutent une\u00a0<strong>r\u00e9sistance suppl\u00e9mentaire<\/strong>\u00a0aux panneaux de 2,03 m. Ils garantissent la r\u00e9sistance requise dans tous les types de cl\u00f4tures ou d&rsquo;enceintes m\u00e9talliques. Ces panneaux grillag\u00e9s modulaires offrent une\u00a0<strong>dur\u00e9e de vie d&rsquo;au moins 10 ans<\/strong>.<\/p>\n<p>Le panneau en grillage rigide est \u00e9galement utilis\u00e9 comme\u00a0<strong>cl\u00f4ture de piscine<\/strong>, car il s&rsquo;adapte \u00e0 la r\u00e9glementation en vigueur pour les cl\u00f4tures de s\u00e9curit\u00e9 pour les piscines publiques et les zones r\u00e9sidentielles. Et ils peuvent \u00e9galement \u00eatre install\u00e9s dans des piscines priv\u00e9es pour assurer la s\u00e9curit\u00e9 des enfants et des adultes de tous \u00e2ges.<\/p>\n<h2>Pourquoi acheter grillage rigide pour votre cl\u00f4ture?<\/h2>\n<p>Les panneaux grillag\u00e9s rigides se distinguent par une cl\u00f4ture soud\u00e9e r\u00e9sistante avec une belle finition esth\u00e9tique. Au-del\u00e0 de \u00e7a,\u00a0<strong>c&rsquo;est un type d&rsquo;enceinte avec de nombreux avantages:<\/strong>\u00a0Sa structure est solide, laisse passer la lumi\u00e8re, n&rsquo;est pas facile \u00e0 escalader et a une dur\u00e9e de vie d&rsquo;au moins 10 ans. Ce qui est un excellent investissement \u00e0 long terme car il dure plus longtemps que les autres types de cl\u00f4tures m\u00e9talliques.<\/p>\n<p>D&rsquo;autre part, tous les \u00e9l\u00e9ments d&rsquo;un grillage rigide sont destin\u00e9s \u00e0 faciliter le montage et \u00e0 renforcer la durabilit\u00e9 et la fermet\u00e9 de votre cl\u00f4ture. Ainsi, lors de l&rsquo;achat d&rsquo;un grillage, vous devez vous assurer que les panneaux, les poteaux et les accessoires de montage sont de qualit\u00e9. Nous vous invitons \u00e0 visionner la vid\u00e9o suivante pour en savoir plus sur les caract\u00e9ristiques, les applications et les \u00e9l\u00e9ments qui composent un panneau rigide:<\/p>\n<\/div>\n","protected":false},"excerpt":{"rendered":"<p class=\"product-item-caption-select-title not_color-swatch-title \">Taille:\u00a0 <label for=\"swatch-product-template-3821049446475-0-2-50-x-0-63-m-1\">2,50 x 0,63 m\u00a0 &#8211; <\/label><label for=\"swatch-product-template-3821049446475-0-2-50-x-0-83-m-2\">2,50 x 0,83 m\u00a0 &#8211; <\/label><label for=\"swatch-product-template-3821049446475-0-2-50-x-1-03-m-3\">2,50 x 1,03 m<\/label><\/p>\n<p class=\"product-item-caption-select-title not_color-swatch-title \"><label for=\"swatch-product-template-3821049446475-0-2-50-x-1-23-m-4\">2,50 x 1,23 m\u00a0 &#8211;<\/label><label for=\"swatch-product-template-3821049446475-0-2-50-x-1-53-m-5\">2,50 x 1,53 m&#8211;<\/label><label for=\"swatch-product-template-3821049446475-0-2-50-x-1-73-m-6\">2.50 x 1.73 m<\/label><\/p>\n<div class=\"swatch-element not_color 2-50-x-2-03-m available\" data-value=\"2,50 x 2,03 m\"><label for=\"swatch-product-template-3821049446475-0-2-50-x-2-03-m-7\">2,50 x 2,03 m<\/label><\/div>\n<div data-value=\"2,50 x 2,03 m\">\n<table class=\"block size4at1 light\">\n<tbody>\n<tr>\n<td class=\"featureRow\"><strong>Domaine d&rsquo;application<\/strong><\/td>\n<td class=\"valueRow\">Pour l&rsquo;ext\u00e9rieur<\/td>\n<\/tr>\n<tr>\n<td class=\"featureRow\"><strong>Couleur<\/strong><\/td>\n<td class=\"valueRow\">Vert<\/td>\n<\/tr>\n<tr>\n<td class=\"featureRow\"><strong>Sp\u00e9cifique pour<\/strong><\/td>\n<td class=\"valueRow\">Cl\u00f4ture<\/td>\n<\/tr>\n<tr>\n<td class=\"featureRow\"><strong>Garantie constructeur<\/strong><\/td>\n<td class=\"valueRow\">10 ans<\/td>\n<\/tr>\n<tr>\n<td class=\"featureRow\"><strong>Mat\u00e9riel<\/strong><\/td>\n<td class=\"valueRow\">M\u00e9tal<\/td>\n<\/tr>\n<tr>\n<td class=\"featureRow\"><strong>Autres propri\u00e9t\u00e9s<\/strong><\/td>\n<td class=\"valueRow\">PE enduit<\/td>\n<\/tr>\n<tr>\n<td class=\"featureRow\"><strong>\u00c9paisseur de fil<\/strong><\/td>\n<td class=\"valueRow\">5mm<\/td>\n<\/tr>\n<\/tbody>\n<\/table>\n<\/div>\n","protected":false},"featured_media":43775,"comment_status":"closed","ping_status":"closed","template":"","meta":[],"product_brand":[],"product_cat":[1147],"product_tag":[722],"class_list":{"0":"post-2058","1":"product","2":"type-product","3":"status-publish","4":"has-post-thumbnail","6":"product_cat-clotures-metalliques","7":"product_tag-decoration-fer-forge","9":"first","10":"instock","11":"shipping-taxable","12":"product-type-simple"},"_links":{"self":[{"href":"https:\/\/www.sofame.tn\/fr\/wp-json\/wp\/v2\/product\/2058","targetHints":{"allow":["GET"]}}],"collection":[{"href":"https:\/\/www.sofame.tn\/fr\/wp-json\/wp\/v2\/product"}],"about":[{"href":"https:\/\/www.sofame.tn\/fr\/wp-json\/wp\/v2\/types\/product"}],"replies":[{"embeddable":true,"href":"https:\/\/www.sofame.tn\/fr\/wp-json\/wp\/v2\/comments?post=2058"}],"wp:featuredmedia":[{"embeddable":true,"href":"https:\/\/www.sofame.tn\/fr\/wp-json\/wp\/v2\/media\/43775"}],"wp:attachment":[{"href":"https:\/\/www.sofame.tn\/fr\/wp-json\/wp\/v2\/media?parent=2058"}],"wp:term":[{"taxonomy":"product_brand","embeddable":true,"href":"https:\/\/www.sofame.tn\/fr\/wp-json\/wp\/v2\/product_brand?post=2058"},{"taxonomy":"product_cat","embeddable":true,"href":"https:\/\/www.sofame.tn\/fr\/wp-json\/wp\/v2\/product_cat?post=2058"},{"taxonomy":"product_tag","embeddable":true,"href":"https:\/\/www.sofame.tn\/fr\/wp-json\/wp\/v2\/product_tag?post=2058"}],"curies":[{"name":"wp","href":"https:\/\/api.w.org\/{rel}","templated":true}]}}