{"id":2066,"date":"2019-07-21T21:49:11","date_gmt":"2019-07-21T21:49:11","guid":{"rendered":"http:\/\/sofame.tn\/?post_type=product&#038;p=2066"},"modified":"2025-01-20T19:39:25","modified_gmt":"2025-01-20T19:39:25","slug":"panneau-grillage-rigide-gris-anthracite","status":"publish","type":"product","link":"https:\/\/www.sofame.tn\/fr\/product\/panneau-grillage-rigide-gris-anthracite\/","title":{"rendered":"Panneau Grillage Rigide Gris Anthracite"},"content":{"rendered":"<div class=\"p-b-20\">\n<h2>Description du Panneau Grillage Rigide Gris<\/h2>\n<p>Le grillage rigide de couleur RAL 7016 (gris anthracite) est un type de cl\u00f4ture m\u00e9tallique qui s&rsquo;adapte \u00e0 tous les besoins d&rsquo;enceinte. La grillage gris se distingue par sa finition sobre. Merci \u00e0 votre\u00a0<strong>excellent rapport qualit\u00e9 prix et c&rsquo;est facile processus d&rsquo;assemblage<\/strong>\u00a0et d&rsquo;installation, ce panneau grillag\u00e9 rigide est parfait comme cl\u00f4ture pour les jardins et les espaces verts.<\/p>\n<p>Appr\u00e9ci\u00e9 pour sa r\u00e9sistance, sa durabilit\u00e9 et son \u00e9l\u00e9gance, le panneau de cl\u00f4ture Hercules gris anthracite est une excellente cl\u00f4ture m\u00e9tallique pour les zones et cl\u00f4tures r\u00e9sidentielles, commerciales, sportives et cl\u00f4ture industrielle.<\/p>\n<p>Avec une fabrication soign\u00e9e avec du fil de zinc sendzimir galvanis\u00e9 \u00e0 chaud, avec une plastification par phosphatation polyester microcristalline d&rsquo;un minimum de 100 microns. Il en r\u00e9sulte un panneau de grillages rigides ou de grillage modulaires, qui offrent une\u00a0<strong>garantie d&rsquo;au moins 10 ans de dur\u00e9e de vie utile.<\/strong><\/p>\n<p>Le grillage rigide est fr\u00e9quemment install\u00e9 comme\u00a0<strong>cl\u00f4ture de piscine<\/strong>, car il s&rsquo;adapte \u00e0 la r\u00e9glementation en vigueur pour les cl\u00f4tures de s\u00e9curit\u00e9 pour les piscines publiques et les zones r\u00e9sidentielles. Et ils peuvent \u00e9galement \u00eatre install\u00e9s dans des piscines priv\u00e9es pour assurer la s\u00e9curit\u00e9 des enfants et des adultes de tous \u00e2ges.<\/p>\n<\/div>\n","protected":false},"excerpt":{"rendered":"<div id=\"product-details\">\n<h2>Caract\u00e9ristiques de Grillage Rigide Gris<\/h2>\n<\/div>\n<div><\/div>\n<div>\n<table class=\"block size4at1 light\">\n<tbody>\n<tr>\n<td class=\"featureRow\"><strong>Domaine d&rsquo;application<\/strong><\/td>\n<td class=\"valueRow\">Pour l&rsquo;ext\u00e9rieur<\/td>\n<\/tr>\n<tr>\n<td class=\"featureRow\"><strong>Couleur<\/strong><\/td>\n<td class=\"valueRow\">Gris anthracite RAL 7016<\/td>\n<\/tr>\n<tr>\n<td class=\"featureRow\"><strong>Sp\u00e9cifique pour<\/strong><\/td>\n<td class=\"valueRow\">Cl\u00f4tur\u00e9<\/td>\n<\/tr>\n<tr>\n<td class=\"featureRow\"><strong>Garantie constructeur<\/strong><\/td>\n<td class=\"valueRow\">10 ans<\/td>\n<\/tr>\n<tr>\n<td class=\"featureRow\"><strong>Mat\u00e9riel<\/strong><\/td>\n<td class=\"valueRow\">M\u00e9tal<\/td>\n<\/tr>\n<tr>\n<td class=\"featureRow\"><strong>Autres propri\u00e9t\u00e9s<\/strong><\/td>\n<td class=\"valueRow\">PE enduit<\/td>\n<\/tr>\n<tr>\n<td class=\"featureRow\"><strong>\u00c9paisseur de fil<\/strong><\/td>\n<td class=\"valueRow\">5mm<\/td>\n<\/tr>\n<\/tbody>\n<\/table>\n<\/div>\n","protected":false},"featured_media":43780,"comment_status":"closed","ping_status":"closed","template":"","meta":[],"product_brand":[],"product_cat":[745,942,1147,738],"product_tag":[],"class_list":{"0":"post-2066","1":"product","2":"type-product","3":"status-publish","4":"has-post-thumbnail","6":"product_cat-applications-darticles-en-fer-forge","7":"product_cat-charpenterie","8":"product_cat-clotures-metalliques","9":"product_cat-garde-de-corps-en-ligne-de-cristal","11":"first","12":"instock","13":"shipping-taxable","14":"product-type-simple"},"_links":{"self":[{"href":"https:\/\/www.sofame.tn\/fr\/wp-json\/wp\/v2\/product\/2066","targetHints":{"allow":["GET"]}}],"collection":[{"href":"https:\/\/www.sofame.tn\/fr\/wp-json\/wp\/v2\/product"}],"about":[{"href":"https:\/\/www.sofame.tn\/fr\/wp-json\/wp\/v2\/types\/product"}],"replies":[{"embeddable":true,"href":"https:\/\/www.sofame.tn\/fr\/wp-json\/wp\/v2\/comments?post=2066"}],"wp:featuredmedia":[{"embeddable":true,"href":"https:\/\/www.sofame.tn\/fr\/wp-json\/wp\/v2\/media\/43780"}],"wp:attachment":[{"href":"https:\/\/www.sofame.tn\/fr\/wp-json\/wp\/v2\/media?parent=2066"}],"wp:term":[{"taxonomy":"product_brand","embeddable":true,"href":"https:\/\/www.sofame.tn\/fr\/wp-json\/wp\/v2\/product_brand?post=2066"},{"taxonomy":"product_cat","embeddable":true,"href":"https:\/\/www.sofame.tn\/fr\/wp-json\/wp\/v2\/product_cat?post=2066"},{"taxonomy":"product_tag","embeddable":true,"href":"https:\/\/www.sofame.tn\/fr\/wp-json\/wp\/v2\/product_tag?post=2066"}],"curies":[{"name":"wp","href":"https:\/\/api.w.org\/{rel}","templated":true}]}}