{"id":2067,"date":"2019-07-21T21:44:41","date_gmt":"2019-07-21T21:44:41","guid":{"rendered":"http:\/\/sofame.tn\/?post_type=product&#038;p=2067"},"modified":"2025-01-20T20:54:25","modified_gmt":"2025-01-20T20:54:25","slug":"panneau-de-grillage-soude","status":"publish","type":"product","link":"https:\/\/www.sofame.tn\/fr\/product\/panneau-de-grillage-soude\/","title":{"rendered":"Grillage Soud\u00e9 Galvanis\u00e9"},"content":{"rendered":"<h2>Description du Panneau de Grillage Soud\u00e9<\/h2>\n<p><strong>Grillage m\u00e9tallique soud\u00e9 de acier galvanis\u00e9<\/strong>. Il est tr\u00e8s r\u00e9sistant, ce qui le rend id\u00e9al pour les espaces n\u00e9cessitant un haut degr\u00e9 de protection ou pour la construction de cages et cl\u00f4tures.<\/p>\n<p>Les panneaux de grillage soud\u00e9 pour cages et enclos sont faciles \u00e0 manipuler et \u00e0 installer, \u00e9tant de plus en plus utilis\u00e9s pour les cl\u00f4ture, en raison de leur\u00a0<strong>rigidit\u00e9, durabilit\u00e9 et finition<\/strong>. Nous avons plusieurs types selon la taille des mailles, la longueur, la hauteur et le diam\u00e8tre du fil.<\/p>\n<div id=\"product-details\" class=\"leading accordion-trigger closed\">\n<h2><\/h2>\n<\/div>\n","protected":false},"excerpt":{"rendered":"<div id=\"product-details\" class=\"leading accordion-trigger closed\">\n<h2>Caract\u00e9ristiques du panneau grillage soud\u00e9<\/h2>\n<\/div>\n<div class=\"accordion-content\">\n<table class=\"block size4at1 light\">\n<tbody>\n<tr>\n<td class=\"featureRow\"><strong>Domaine d&rsquo;utilisation<\/strong><\/td>\n<td class=\"valueRow\">Cl\u00f4tures, cages, protection des machines<\/td>\n<\/tr>\n<tr>\n<td class=\"featureRow\"><strong>Finir<\/strong><\/td>\n<td class=\"valueRow\">Galvanis\u00e9<\/td>\n<\/tr>\n<tr>\n<td class=\"featureRow\"><strong>Mat\u00e9riel<\/strong><\/td>\n<td class=\"valueRow\">Acier<\/td>\n<\/tr>\n<tr>\n<td class=\"featureRow\"><strong>\u00c9paisseur de fil<\/strong><\/td>\n<td class=\"valueRow\">4mm<\/td>\n<\/tr>\n<\/tbody>\n<\/table>\n<div class=\"swatch clearfix not_color-swatch-block \" data-option-index=\"0\">\n<p class=\"product-item-caption-select-title not_color-swatch-title \">Taille:<\/p>\n<div class=\"swatch-element not_color 2-60-x-1-00-m available\" data-value=\"2,60 x 1,00 m\"><label for=\"swatch-product-template-3821049151563-0-2-60-x-1-00-m-1\">2,60 x 1,00 m\/ <\/label><label for=\"swatch-product-template-3821049151563-0-2-60-x-1-00-m-2\">2,60 x 1,00 m\/ <\/label><label for=\"swatch-product-template-3821049151563-0-2-60-x-1-50-m-3\">2,60 x 1,50 m<\/label><\/div>\n<div class=\"swatch-element not_color 2-60-x-1-50-m available\" data-value=\"2,60 x 1,50 m\"><label for=\"swatch-product-template-3821049151563-0-2-60-x-1-50-m-4\">2,60 x 1,50 m\/ <\/label><label for=\"swatch-product-template-3821049151563-0-2-60-x-1-50-m-5\">2,60 x 1,50 m<\/label><\/div>\n<\/div>\n<div class=\"swatch clearfix not_color-swatch-block \" data-option-index=\"1\">\n<p class=\"product-item-caption-select-title not_color-swatch-title \">Grille:<\/p>\n<div class=\"swatch-element not_color 100-x-50-x-4-mm available\" data-value=\"100 x 50 x 4 mm\"><label for=\"swatch-product-template-3821049151563-1-100-x-50-x-4-mm-1\">100 x 50 x 4 mm\u00a0 \/ <\/label><label for=\"swatch-product-template-3821049151563-1-50-x-50-x-4-mm-2\">50 x 50 x 4 mm\u00a0 \u00a0\/ <\/label><label for=\"swatch-product-template-3821049151563-1-150-x-50-x-4-mm-4\">150 x 50 x 4 mm<\/label><\/div>\n<\/div>\n<\/div>\n","protected":false},"featured_media":43783,"comment_status":"closed","ping_status":"closed","template":"","meta":[],"product_brand":[],"product_cat":[745,1147],"product_tag":[],"class_list":{"0":"post-2067","1":"product","2":"type-product","3":"status-publish","4":"has-post-thumbnail","6":"product_cat-applications-darticles-en-fer-forge","7":"product_cat-clotures-metalliques","9":"first","10":"instock","11":"shipping-taxable","12":"product-type-simple"},"_links":{"self":[{"href":"https:\/\/www.sofame.tn\/fr\/wp-json\/wp\/v2\/product\/2067","targetHints":{"allow":["GET"]}}],"collection":[{"href":"https:\/\/www.sofame.tn\/fr\/wp-json\/wp\/v2\/product"}],"about":[{"href":"https:\/\/www.sofame.tn\/fr\/wp-json\/wp\/v2\/types\/product"}],"replies":[{"embeddable":true,"href":"https:\/\/www.sofame.tn\/fr\/wp-json\/wp\/v2\/comments?post=2067"}],"wp:featuredmedia":[{"embeddable":true,"href":"https:\/\/www.sofame.tn\/fr\/wp-json\/wp\/v2\/media\/43783"}],"wp:attachment":[{"href":"https:\/\/www.sofame.tn\/fr\/wp-json\/wp\/v2\/media?parent=2067"}],"wp:term":[{"taxonomy":"product_brand","embeddable":true,"href":"https:\/\/www.sofame.tn\/fr\/wp-json\/wp\/v2\/product_brand?post=2067"},{"taxonomy":"product_cat","embeddable":true,"href":"https:\/\/www.sofame.tn\/fr\/wp-json\/wp\/v2\/product_cat?post=2067"},{"taxonomy":"product_tag","embeddable":true,"href":"https:\/\/www.sofame.tn\/fr\/wp-json\/wp\/v2\/product_tag?post=2067"}],"curies":[{"name":"wp","href":"https:\/\/api.w.org\/{rel}","templated":true}]}}