{"id":2068,"date":"2019-07-21T21:27:12","date_gmt":"2019-07-21T21:27:12","guid":{"rendered":"http:\/\/sofame.tn\/?post_type=product&#038;p=2068"},"modified":"2025-01-20T21:04:03","modified_gmt":"2025-01-20T21:04:03","slug":"grille-a-barres-hachees-modele-bonaigua-1-2-boules-de-250-m","status":"publish","type":"product","link":"https:\/\/www.sofame.tn\/fr\/product\/grille-a-barres-hachees-modele-bonaigua-1-2-boules-de-250-m\/","title":{"rendered":"Grille \u00e0 Barres Hach\u00e9es Mod\u00e8le Bonaigua 1-2 Boules de 2,50 m"},"content":{"rendered":"<h2 class=\"print-only generalHeader\">Description de la Grille Mod\u00e8le Bonaigua<\/h2>\n<p>La grille mod\u00e8le Bonaigua est un garde-corps pour cl\u00f4tures\u00a0<strong>en fer<\/strong>. Cette grille \u00e0 barreaux est similaire au mod\u00e8le Costa Bona, mais \u00e0 la diff\u00e9rence que le mod\u00e8le Bonaigua a des embouts \u00e0 billes sur toutes les tiges. Ces\u00a0<strong>boules sont entrelac\u00e9es<\/strong>\u00a0de sorte qu&rsquo;une tige en a 1 et la tige suivante en a 2 boules, une en haut et une en bas.<\/p>\n<p>Il mesure 0,90 m de haut et a une largeur de 2,50 m. Cette balustrade est parfaite pour les cl\u00f4tures r\u00e9sidentielles de porches, balcons, terrasses,\u00a0escaliers et cl\u00f4tures. Visitez notre catalogue de grilles ou garde-corps en m\u00e9tal pour voir tous les mod\u00e8les disponibles.<\/p>\n","protected":false},"excerpt":{"rendered":"<p>Forte Modularit\u00e9<\/p>\n","protected":false},"featured_media":2203,"comment_status":"closed","ping_status":"closed","template":"","meta":[],"product_brand":[],"product_cat":[942,938,1147],"product_tag":[722],"class_list":{"0":"post-2068","1":"product","2":"type-product","3":"status-publish","4":"has-post-thumbnail","6":"product_cat-charpenterie","7":"product_cat-clotures-en-generale","8":"product_cat-clotures-metalliques","9":"product_tag-decoration-fer-forge","11":"first","12":"instock","13":"shipping-taxable","14":"product-type-simple"},"_links":{"self":[{"href":"https:\/\/www.sofame.tn\/fr\/wp-json\/wp\/v2\/product\/2068","targetHints":{"allow":["GET"]}}],"collection":[{"href":"https:\/\/www.sofame.tn\/fr\/wp-json\/wp\/v2\/product"}],"about":[{"href":"https:\/\/www.sofame.tn\/fr\/wp-json\/wp\/v2\/types\/product"}],"replies":[{"embeddable":true,"href":"https:\/\/www.sofame.tn\/fr\/wp-json\/wp\/v2\/comments?post=2068"}],"wp:featuredmedia":[{"embeddable":true,"href":"https:\/\/www.sofame.tn\/fr\/wp-json\/wp\/v2\/media\/2203"}],"wp:attachment":[{"href":"https:\/\/www.sofame.tn\/fr\/wp-json\/wp\/v2\/media?parent=2068"}],"wp:term":[{"taxonomy":"product_brand","embeddable":true,"href":"https:\/\/www.sofame.tn\/fr\/wp-json\/wp\/v2\/product_brand?post=2068"},{"taxonomy":"product_cat","embeddable":true,"href":"https:\/\/www.sofame.tn\/fr\/wp-json\/wp\/v2\/product_cat?post=2068"},{"taxonomy":"product_tag","embeddable":true,"href":"https:\/\/www.sofame.tn\/fr\/wp-json\/wp\/v2\/product_tag?post=2068"}],"curies":[{"name":"wp","href":"https:\/\/api.w.org\/{rel}","templated":true}]}}