{"id":2070,"date":"2019-07-21T21:03:46","date_gmt":"2019-07-21T21:03:46","guid":{"rendered":"http:\/\/sofame.tn\/?post_type=product&#038;p=2070"},"modified":"2019-07-29T00:46:25","modified_gmt":"2019-07-29T00:46:25","slug":"bar-forge-a-chaud-pour-decoration_custom","status":"publish","type":"product","link":"https:\/\/www.sofame.tn\/fr\/product\/bar-forge-a-chaud-pour-decoration_custom\/","title":{"rendered":"BAR FORG\u00c9 \u00c0 CHAUD POUR D\u00c9CORATION"},"content":{"rendered":"<p>Objet de d\u00e9coration construit en fer forg\u00e9<\/p>\n","protected":false},"excerpt":{"rendered":"<div class=\"p-b-10\">Dimensions \/ Longueur: 165x685x800 mm<br \/>\nEpaisseur \/ Profil: 12&#215;12 mm<br \/>\nPoids: 1,75 kg<\/div>\n","protected":false},"featured_media":1855,"comment_status":"closed","ping_status":"closed","template":"","meta":[],"product_brand":[],"product_cat":[745],"product_tag":[753],"class_list":{"0":"post-2070","1":"product","2":"type-product","3":"status-publish","4":"has-post-thumbnail","6":"product_cat-applications-darticles-en-fer-forge","7":"product_tag-decoration-genarale","9":"first","10":"instock","11":"shipping-taxable","12":"product-type-simple"},"_links":{"self":[{"href":"https:\/\/www.sofame.tn\/fr\/wp-json\/wp\/v2\/product\/2070","targetHints":{"allow":["GET"]}}],"collection":[{"href":"https:\/\/www.sofame.tn\/fr\/wp-json\/wp\/v2\/product"}],"about":[{"href":"https:\/\/www.sofame.tn\/fr\/wp-json\/wp\/v2\/types\/product"}],"replies":[{"embeddable":true,"href":"https:\/\/www.sofame.tn\/fr\/wp-json\/wp\/v2\/comments?post=2070"}],"wp:featuredmedia":[{"embeddable":true,"href":"https:\/\/www.sofame.tn\/fr\/wp-json\/wp\/v2\/media\/1855"}],"wp:attachment":[{"href":"https:\/\/www.sofame.tn\/fr\/wp-json\/wp\/v2\/media?parent=2070"}],"wp:term":[{"taxonomy":"product_brand","embeddable":true,"href":"https:\/\/www.sofame.tn\/fr\/wp-json\/wp\/v2\/product_brand?post=2070"},{"taxonomy":"product_cat","embeddable":true,"href":"https:\/\/www.sofame.tn\/fr\/wp-json\/wp\/v2\/product_cat?post=2070"},{"taxonomy":"product_tag","embeddable":true,"href":"https:\/\/www.sofame.tn\/fr\/wp-json\/wp\/v2\/product_tag?post=2070"}],"curies":[{"name":"wp","href":"https:\/\/api.w.org\/{rel}","templated":true}]}}