{"id":2086,"date":"2019-07-21T13:01:35","date_gmt":"2019-07-21T13:01:35","guid":{"rendered":"http:\/\/sofame.tn\/?post_type=product&#038;p=2086"},"modified":"2019-07-29T00:57:46","modified_gmt":"2019-07-29T00:57:46","slug":"panneaux-de-revetement-sandwich_desc2019","status":"publish","type":"product","link":"https:\/\/www.sofame.tn\/fr\/product\/panneaux-de-revetement-sandwich_desc2019\/","title":{"rendered":"PANNEAUX DE REV\u00caTEMENT SANDWICH"},"content":{"rendered":"<p>Les panneaux sandwich (parfois appel\u00e9s panneaux composites ou panneaux isolants structurels (SIP)) sont constitu\u00e9s de deux couches d&rsquo;un mat\u00e9riau rigide coll\u00e9es de part et d&rsquo;autre d&rsquo;un noyau l\u00e9ger. Les trois composants agissent ensemble comme un composite; c&rsquo;est-\u00e0-dire que la combinaison des caract\u00e9ristiques des composants donne de meilleures performances que celles qui seraient possibles si elles agissaient seules.<\/p>\n<p>Le noyau l\u00e9ger maintient les deux faces dans la position correcte, r\u00e9siste aux forces de cisaillement et procure une isolation, tandis que les deux faces apportent durabilit\u00e9, r\u00e9sistance aux intemp\u00e9ries et aux chocs et r\u00e9sistent aux efforts de compression et de traction dans le plan.<\/p>\n<p>Les syst\u00e8mes de panneaux sandwichs comprennent les panneaux eux-m\u00eames, les joints entre eux, les fixations (souvent dissimul\u00e9es) et un syst\u00e8me de support.<\/p>\n<p>Les panneaux sandwich sont largement utilis\u00e9s en tant que rev\u00eatement ext\u00e9rieur pour les b\u00e2timents \u00e0 un ou plusieurs \u00e9tages, o\u00f9 ils doivent fournir une r\u00e9sistance aux intemp\u00e9ries et au vent, aux charges d&rsquo;acc\u00e8s, \u00e0 leur poids propre, etc. Cependant, ils sont \u00e9galement utilis\u00e9s pour cr\u00e9er des enveloppes int\u00e9rieures isol\u00e9es, des panneaux de plafond, des cloisons (par exemple dans des chambres froides) et pour des parois de compartiment r\u00e9sistant au feu.<\/p>\n<p>Les types de b\u00e2timents qui utilisent g\u00e9n\u00e9ralement des panneaux sandwich incluent:<\/p>\n<p>B\u00e2timents industriels et usines de traitement.<br \/>\nB\u00e2timents temporaires.<br \/>\nB\u00e2timents de stockage.<br \/>\nChambres propres.<br \/>\nB\u00e2timents agricoles.<br \/>\nCentres commerciaux.<br \/>\nInstallations sportives.<br \/>\nB\u00e2timents de transport.<br \/>\nMat\u00e9riaux<br \/>\nLes faces ext\u00e9rieures des panneaux sandwich sont le plus souvent en m\u00e9taux tels que:<\/p>\n<p>T\u00f4le d&rsquo;acier galvanis\u00e9e \u00e0 chaud.<br \/>\nAluminium.<br \/>\nZinc.<br \/>\nCependant, les autres mat\u00e9riaux pouvant \u00eatre utilis\u00e9s incluent:<\/p>\n<p>B\u00e9ton pr\u00e9fabriqu\u00e9, parfois rev\u00eatu d&rsquo;autres finitions telles que la brique.<br \/>\nPlaque de ciment.<br \/>\nPolypropyl\u00e8ne renforc\u00e9 de fibre de verre.<br \/>\nPolychlorure de vinyle (PVC).<br \/>\nPanneau d&rsquo;oxyde de magn\u00e9sium (MgO).<br \/>\nContre-plaqu\u00e9.<br \/>\nPanneaux de copeaux orient\u00e9s (OSB).<br \/>\nPlastique renforc\u00e9 de verre (GRP).<br \/>\nLes syst\u00e8mes de rev\u00eatement incluent g\u00e9n\u00e9ralement un noyau rigide en polyur\u00e9thane, mais les autres mat\u00e9riaux de noyau incluent:<\/p>\n<p>Polystyr\u00e8ne expans\u00e9 (EPS).<br \/>\nPolystyr\u00e8ne extrud\u00e9 (XPS).<br \/>\nLaine min\u00e9rale (fibre de roche) (MWRF).<br \/>\nMousse ph\u00e9nolique modifi\u00e9e (MPHEN).<br \/>\nPolyisocyanurate (PIR).<br \/>\nM\u00e9tal pli\u00e9, papier, fibres d&rsquo;aramide et de carbone. Voir Foldcore pour plus d&rsquo;informations.<br \/>\nMat\u00e9riaux en nid d&rsquo;abeille (tels que le polypropyl\u00e8ne).<br \/>\nPropri\u00e9t\u00e9s<br \/>\nLes panneaux sandwich peuvent \u00eatre s\u00e9lectionn\u00e9s en raison de:<\/p>\n<p>Facilit\u00e9 et rapidit\u00e9 d&rsquo;installation.<br \/>\nRigidit\u00e9.<br \/>\nIsolation thermique, thermique et phonique.<br \/>\n\u00c9tanch\u00e9it\u00e9 \u00e0 l&rsquo;air<br \/>\nRobustesse et durabilit\u00e9<br \/>\nPeu d&rsquo;entretien \/ nettoyage requis.<br \/>\nFaible co\u00fbt en capital.<br \/>\nFaible co\u00fbt de vie<br \/>\nR\u00e9sistance chimique et biologique<br \/>\nPoids l\u00e9ger.<br \/>\nR\u00e9sistance aux intemp\u00e9ries.<br \/>\nStabilit\u00e9 dimensionnelle.<br \/>\nDisponibilit\u00e9 en tant que produits standard du commerce.<br \/>\nCependant, il peut y avoir des difficult\u00e9s particuli\u00e8res li\u00e9es aux b\u00e2timents contenant des panneaux sandwich combustibles<\/p>\n","protected":false},"excerpt":{"rendered":"<p>Largeur nette: 1000 mm<br \/>\n\u00c9paisseur du panneau: 40-50-60-80-100 mm.<\/p>\n","protected":false},"featured_media":1782,"comment_status":"closed","ping_status":"closed","template":"","meta":[],"product_brand":[],"product_cat":[802,788],"product_tag":[805,823,814,817,820,808,811,826],"class_list":{"0":"post-2086","1":"product","2":"type-product","3":"status-publish","4":"has-post-thumbnail","6":"product_cat-panneaux-sandwich","7":"product_cat-plaques","8":"product_tag-batiments-agricoles-annexes","9":"product_tag-industries-frigorifique","10":"product_tag-batiments-industriels-architecture","11":"product_tag-shopping-centres-en-fr","12":"product_tag-lieux-sportives","13":"product_tag-travaux-aluminium","14":"product_tag-travaux-galvanises","15":"product_tag-zinc-en-fr","17":"first","18":"instock","19":"shipping-taxable","20":"product-type-simple"},"_links":{"self":[{"href":"https:\/\/www.sofame.tn\/fr\/wp-json\/wp\/v2\/product\/2086","targetHints":{"allow":["GET"]}}],"collection":[{"href":"https:\/\/www.sofame.tn\/fr\/wp-json\/wp\/v2\/product"}],"about":[{"href":"https:\/\/www.sofame.tn\/fr\/wp-json\/wp\/v2\/types\/product"}],"replies":[{"embeddable":true,"href":"https:\/\/www.sofame.tn\/fr\/wp-json\/wp\/v2\/comments?post=2086"}],"wp:featuredmedia":[{"embeddable":true,"href":"https:\/\/www.sofame.tn\/fr\/wp-json\/wp\/v2\/media\/1782"}],"wp:attachment":[{"href":"https:\/\/www.sofame.tn\/fr\/wp-json\/wp\/v2\/media?parent=2086"}],"wp:term":[{"taxonomy":"product_brand","embeddable":true,"href":"https:\/\/www.sofame.tn\/fr\/wp-json\/wp\/v2\/product_brand?post=2086"},{"taxonomy":"product_cat","embeddable":true,"href":"https:\/\/www.sofame.tn\/fr\/wp-json\/wp\/v2\/product_cat?post=2086"},{"taxonomy":"product_tag","embeddable":true,"href":"https:\/\/www.sofame.tn\/fr\/wp-json\/wp\/v2\/product_tag?post=2086"}],"curies":[{"name":"wp","href":"https:\/\/api.w.org\/{rel}","templated":true}]}}