{"id":2270,"date":"2019-07-20T21:13:25","date_gmt":"2019-07-20T21:13:25","guid":{"rendered":"http:\/\/sofame.tn\/product\/barriere-en-aluminium\/"},"modified":"2019-07-29T14:50:48","modified_gmt":"2019-07-29T14:50:48","slug":"barriere-en-aluminium","status":"publish","type":"product","link":"https:\/\/www.sofame.tn\/fr\/product\/barriere-en-aluminium\/","title":{"rendered":"Barri\u00e8re en aluminium"},"content":{"rendered":"<p><span class=\"tlid-translation translation\" lang=\"fr\"><span class=\"\" title=\"\">Barri\u00e8re dans un bo\u00eetier en aluminium<\/span><br \/>\n<span title=\"\">Lisse avec \u00e9clairage LED<\/span><br \/>\n<span title=\"\">Voyant int\u00e9gr\u00e9<\/span><br \/>\n<span title=\"\">R\u00e9cepteur radio FM int\u00e9gr\u00e9 868,95 MHz<\/span><br \/>\n<span title=\"\">Commande de moteur int\u00e9gr\u00e9e<\/span><br \/>\n<span title=\"\">Max.<\/span> <span title=\"\">350 cycles par jour<\/span><br \/>\n<span title=\"\">\u00c9metteur portable<\/span><br \/>\n<span title=\"\">Autres accessoires optionnels<\/span><br \/>\n<span title=\"\">Appui de pied de pendule<\/span><br \/>\n<span title=\"\">Recommand\u00e9 pour une longueur de course de&gt; 4 m, un r\u00e9glage de la course de 70 mm, y compris le mat\u00e9riel de montage<\/span><\/p>\n<p><span title=\"\">Lyre de repos<\/span><br \/>\n<span title=\"\">Recommand\u00e9 pour une longueur de course&gt; 4 m, course de r\u00e9glage 200 mm<\/span><\/span><\/p>\n","protected":false},"excerpt":{"rendered":"<p><span class=\"tlid-translation translation\" lang=\"fr\"><span class=\"\" title=\"\">Autres accessoires optionnels dans la description<\/span><\/span><\/p>\n","protected":false},"featured_media":2271,"comment_status":"closed","ping_status":"closed","template":"","meta":[],"product_brand":[],"product_cat":[938],"product_tag":[960,808],"class_list":{"0":"post-2270","1":"product","2":"type-product","3":"status-publish","4":"has-post-thumbnail","6":"product_cat-clotures-en-generale","7":"product_tag-barriere-automatique","8":"product_tag-travaux-aluminium","10":"first","11":"instock","12":"shipping-taxable","13":"product-type-simple"},"_links":{"self":[{"href":"https:\/\/www.sofame.tn\/fr\/wp-json\/wp\/v2\/product\/2270","targetHints":{"allow":["GET"]}}],"collection":[{"href":"https:\/\/www.sofame.tn\/fr\/wp-json\/wp\/v2\/product"}],"about":[{"href":"https:\/\/www.sofame.tn\/fr\/wp-json\/wp\/v2\/types\/product"}],"replies":[{"embeddable":true,"href":"https:\/\/www.sofame.tn\/fr\/wp-json\/wp\/v2\/comments?post=2270"}],"wp:featuredmedia":[{"embeddable":true,"href":"https:\/\/www.sofame.tn\/fr\/wp-json\/wp\/v2\/media\/2271"}],"wp:attachment":[{"href":"https:\/\/www.sofame.tn\/fr\/wp-json\/wp\/v2\/media?parent=2270"}],"wp:term":[{"taxonomy":"product_brand","embeddable":true,"href":"https:\/\/www.sofame.tn\/fr\/wp-json\/wp\/v2\/product_brand?post=2270"},{"taxonomy":"product_cat","embeddable":true,"href":"https:\/\/www.sofame.tn\/fr\/wp-json\/wp\/v2\/product_cat?post=2270"},{"taxonomy":"product_tag","embeddable":true,"href":"https:\/\/www.sofame.tn\/fr\/wp-json\/wp\/v2\/product_tag?post=2270"}],"curies":[{"name":"wp","href":"https:\/\/api.w.org\/{rel}","templated":true}]}}