{"id":2273,"date":"2019-07-20T21:06:09","date_gmt":"2019-07-20T21:06:09","guid":{"rendered":"http:\/\/sofame.tn\/product\/sommer-kit-de-demarrage-400\/"},"modified":"2019-07-29T14:53:39","modified_gmt":"2019-07-29T14:53:39","slug":"sommer-kit-de-demarrage-400","status":"publish","type":"product","link":"https:\/\/www.sofame.tn\/fr\/product\/sommer-kit-de-demarrage-400\/","title":{"rendered":"Sommer Kit de d\u00e9marrage 400"},"content":{"rendered":"<p>Un op\u00e9rateur de portail coulissant compact<br \/>\nL&rsquo;automatisation compacte STArter + se caract\u00e9rise par une installation facile, une qualit\u00e9 \u00e9lev\u00e9e, une utilisation facile et une large gamme d&rsquo;\u00e9quipements de s\u00e9curit\u00e9 suppl\u00e9mentaires. Le Chip Tuning rend l&rsquo;automatisation plus puissante et plus rapide que STArter.<\/p>\n<p>Pour portails coulissants d&rsquo;une course maximale de 8 m et d&rsquo;un poids maximal de 400 kg.<\/p>\n<p>Avantages du produit<br \/>\nProtection d&rsquo;accident par mesure de force \u00e9lectronique<br \/>\nL&rsquo;automatisation est programm\u00e9e automatiquement et fonctionne de la mani\u00e8re la plus \u00e9conomique possible gr\u00e2ce au syst\u00e8me d&rsquo;alimentation dynamique (DPS). Il s&rsquo;adapte \u00e0 l&rsquo;environnement et se d\u00e9place toujours \u00e0 la m\u00eame vitesse. Tout obstacle signifie plus de contrainte sur le niveau d&rsquo;automatisation. Dans ce cas, il arr\u00eate ou inverse sa course. Cela \u00e9vite des blessures ou des dommages mat\u00e9riels. De plus, SOMMER propose des accessoires de s\u00e9curit\u00e9 suppl\u00e9mentaires. (Barri\u00e8re lumineuse, bande de contact de s\u00e9curit\u00e9, etc.)<\/p>\n<p>Une coupure de courant &#8211; que faire?<br \/>\nEn cas de panne de courant, vous pouvez activer manuellement le dispositif de d\u00e9verrouillage d\u2019urgence m\u00e9canique afin d\u2019ouvrir votre portail. M\u00eame si l&rsquo;automatisation est soumise \u00e0 une forte pression, il est possible d&rsquo;activer le dispositif de d\u00e9verrouillage avec un minimum d&rsquo;effort et vous pouvez entrer dans votre propri\u00e9t\u00e9.<\/p>\n<p>Haute qualit\u00e9 et stable<br \/>\nLa cr\u00e9maill\u00e8re en plastique robuste avec noyau en acier int\u00e9gr\u00e9 garantit une stabilit\u00e9 maximale.<\/p>\n<p>Des fonctions qui facilitent la vie<br \/>\nLa fonction d&rsquo;ouverture partielle ne vous permet d&rsquo;ouvrir qu&rsquo;une partie de la porte pour, par exemple, rentrer chez vous \u00e0 v\u00e9lo.<br \/>\nGr\u00e2ce \u00e0 la fonction de fermeture automatique, vous pouvez \u00eatre s\u00fbr que le portail se ferme toujours derri\u00e8re vous. Apr\u00e8s avoir franchi la barri\u00e8re photo\u00e9lectrique, le portail se ferme automatiquement une fois le d\u00e9lai d\u00e9fini \u00e9coul\u00e9.<\/p>\n<p>Caract\u00e9ristiques techniques :<\/p>\n<p>D\u00e9signation Starter +<br \/>\nPlage de temp\u00e9rature: -20 \u00b0 C \u00e0 +50 \u00b0 C<br \/>\nAlimentation: AC 220 &#8230; 240 V<br \/>\nCouple: max. 11 Nm<br \/>\nFr\u00e9quence nominale: 50\/60 Hz<br \/>\nClasse de protection: IP 54<\/p>\n","protected":false},"excerpt":{"rendered":"<p><span class=\"tlid-translation translation\" lang=\"fr\"><span title=\"\">Automatisation \u00ab\u00a0STArter +\u00a0\u00bb seul<\/span><br \/>\n<span title=\"\">1 automatisme de portail coulissant inclus<\/span><br \/>\n<span class=\"\" title=\"\">Contr\u00f4le moteur<\/span><br \/>\n<span class=\"\" title=\"\">R\u00e9cepteur radio int\u00e9gr\u00e9 (FM 868,8 MHz)<\/span><br \/>\n<span class=\"\" title=\"\">Plaque de base universelle<\/span><\/span><\/p>\n","protected":false},"featured_media":2274,"comment_status":"closed","ping_status":"closed","template":"","meta":[],"product_brand":[],"product_cat":[934,931],"product_tag":[990],"class_list":{"0":"post-2273","1":"product","2":"type-product","3":"status-publish","4":"has-post-thumbnail","6":"product_cat-automatisation-de-portes","7":"product_cat-portes-en-generale","8":"product_tag-portes-automatiques","10":"first","11":"instock","12":"shipping-taxable","13":"product-type-simple"},"_links":{"self":[{"href":"https:\/\/www.sofame.tn\/fr\/wp-json\/wp\/v2\/product\/2273","targetHints":{"allow":["GET"]}}],"collection":[{"href":"https:\/\/www.sofame.tn\/fr\/wp-json\/wp\/v2\/product"}],"about":[{"href":"https:\/\/www.sofame.tn\/fr\/wp-json\/wp\/v2\/types\/product"}],"replies":[{"embeddable":true,"href":"https:\/\/www.sofame.tn\/fr\/wp-json\/wp\/v2\/comments?post=2273"}],"wp:featuredmedia":[{"embeddable":true,"href":"https:\/\/www.sofame.tn\/fr\/wp-json\/wp\/v2\/media\/2274"}],"wp:attachment":[{"href":"https:\/\/www.sofame.tn\/fr\/wp-json\/wp\/v2\/media?parent=2273"}],"wp:term":[{"taxonomy":"product_brand","embeddable":true,"href":"https:\/\/www.sofame.tn\/fr\/wp-json\/wp\/v2\/product_brand?post=2273"},{"taxonomy":"product_cat","embeddable":true,"href":"https:\/\/www.sofame.tn\/fr\/wp-json\/wp\/v2\/product_cat?post=2273"},{"taxonomy":"product_tag","embeddable":true,"href":"https:\/\/www.sofame.tn\/fr\/wp-json\/wp\/v2\/product_tag?post=2273"}],"curies":[{"name":"wp","href":"https:\/\/api.w.org\/{rel}","templated":true}]}}