{"id":2277,"date":"2019-07-20T20:57:45","date_gmt":"2019-07-20T20:57:45","guid":{"rendered":"http:\/\/sofame.tn\/product\/le-kit-de-motorisation-sommer-duo-vision-500sl-1890\/"},"modified":"2019-07-29T14:57:12","modified_gmt":"2019-07-29T14:57:12","slug":"le-kit-de-motorisation-sommer-duo-vision-500sl-1890","status":"publish","type":"product","link":"https:\/\/www.sofame.tn\/fr\/product\/le-kit-de-motorisation-sommer-duo-vision-500sl-1890\/","title":{"rendered":"Le kit de motorisation Sommer DUO VISION 500SL-1890"},"content":{"rendered":"<p>Cet appareil pr\u00e9sente de nombreux avantages: il est \u00e0 la fois rapide, facile \u00e0 installer et \u00e0 entretenir, silencieux et surtout solide. Une autre caract\u00e9ristique, la pr\u00e9sence d&rsquo;une armoire \u00e0 distance avec \u00e9clairage et bouton de commande, fix\u00e9e au mur et non au plafond, offre \u00e0 l&rsquo;utilisateur une meilleure accessibilit\u00e9.<\/p>\n<p>Le kit Sommer vision 500SL de Sommer comprend:<\/p>\n<p>&#8211; 1 op\u00e9rateur DUO 500 SL e<\/p>\n<p>Fonctions principales:<\/p>\n<p>&#8211; Bo\u00eetier de commande s\u00e9par\u00e9 pour un montage facile<br \/>\n&#8211; Le moteur autobloquant offre une protection efficace contre les effractions<br \/>\nou acc\u00e8s \u00e0 un tiers<br \/>\n&#8211; Syst\u00e8me de d\u00e9verrouillage d&rsquo;urgence:<br \/>\nla porte peut \u00eatre engag\u00e9e et d\u00e9coupl\u00e9e dans n&rsquo;importe quelle position.<br \/>\n&#8211; D\u00e9tection automatique d&rsquo;obstacle qui s&rsquo;inverse<br \/>\nle sens de d\u00e9placement du moteur en cas de choc<br \/>\n&#8211; Protection contre le cambriolage<br \/>\n&#8211; SVS &#8211; Syst\u00e8me de verrouillage de s\u00e9curit\u00e9<br \/>\n&#8211; Eclairage incorpor\u00e9 et chronom\u00e9tr\u00e9<br \/>\n&#8211; Raccordement de voyants<br \/>\n&#8211; Connexion pour dispositif de s\u00e9curit\u00e9<br \/>\n&#8211; D\u00e9marrage et arr\u00eat en douceur<br \/>\n&#8211; Ouverture partielle r\u00e9glable<\/p>\n<p>lectronique<br \/>\n&#8211; 1 rail + cha\u00eene pour course de 260 cm<br \/>\n&#8211; 1 r\u00e9cepteur int\u00e9gr\u00e9 2 canaux<br \/>\n&#8211; 2 \u00e9metteurs 2 canaux 868 MHz<br \/>\n&#8211; 5 m de c\u00e2ble de raccordement<\/p>\n<p>Conseils<br \/>\nPorte de garage verrouill\u00e9e en cas de panne de courant.<\/p>\n<p>Motorisation pour<br \/>\nporte sectionnelle ou basculante: L 350 x H 235 cm<br \/>\npour porte basculante: L 350 x H 260 cm<br \/>\npour porte lat\u00e9rale: L 235 x H 230 cm<\/p>\n<p>POWER \u00e9lectrique<br \/>\nINTENSIT\u00c9 ABSORB\u00c9E MAXIMUM (A): 0,5<br \/>\nDISTANCE: 2<br \/>\nTYPE DE PORTE DE GARAGE: Sectionnel \/ Inclinable<br \/>\nLARGEUR MAXIMUM DE LA PORTE SECTIONNELLE: 350<br \/>\nHauteur maximale de la porte sectionnelle: 235<br \/>\nLARGEUR MAXIMUM DE LA PORTE INCLINABLE: 350<br \/>\nHauteur maximale de la porte basculante: 235<br \/>\nFORCE (N): 500<br \/>\nTEMPS D&rsquo;OUVERTURE: 0.15m \/ s<br \/>\nOPTION DE DEVERROUILLAGE EXTERNE DISPONIBLE: 310<br \/>\nALIMENTATION PRIMAIRE (V): 230<br \/>\nALIMENTATION SECONDAIRE (V): 24<br \/>\nPUISSANCE (W): 110<br \/>\nLARGEUR (MM): 1665<br \/>\nPROFONDEUR (MM): 160<br \/>\nHauteur (mm): 50<br \/>\nIndice de protection: 174<\/p>\n","protected":false},"excerpt":{"rendered":"<p><span class=\"tlid-translation translation\" lang=\"fr\"><span class=\"\" title=\"\">Le kit de motorisation Sommer DUO VISION 500SL-1890 permet de contr\u00f4ler toute porte de garage r\u00e9pondant aux sp\u00e9cifications suivantes: &#8211; Hauteur &lt;235 cm &#8211; Poids &lt;55 kg<\/span><\/span><\/p>\n","protected":false},"featured_media":2278,"comment_status":"closed","ping_status":"closed","template":"","meta":[],"product_brand":[],"product_cat":[934,931],"product_tag":[993,1004],"class_list":{"0":"post-2277","1":"product","2":"type-product","3":"status-publish","4":"has-post-thumbnail","6":"product_cat-automatisation-de-portes","7":"product_cat-portes-en-generale","8":"product_tag-solution-electronique-integree","9":"product_tag-systeme-de-securite","11":"first","12":"instock","13":"shipping-taxable","14":"product-type-simple"},"_links":{"self":[{"href":"https:\/\/www.sofame.tn\/fr\/wp-json\/wp\/v2\/product\/2277","targetHints":{"allow":["GET"]}}],"collection":[{"href":"https:\/\/www.sofame.tn\/fr\/wp-json\/wp\/v2\/product"}],"about":[{"href":"https:\/\/www.sofame.tn\/fr\/wp-json\/wp\/v2\/types\/product"}],"replies":[{"embeddable":true,"href":"https:\/\/www.sofame.tn\/fr\/wp-json\/wp\/v2\/comments?post=2277"}],"wp:featuredmedia":[{"embeddable":true,"href":"https:\/\/www.sofame.tn\/fr\/wp-json\/wp\/v2\/media\/2278"}],"wp:attachment":[{"href":"https:\/\/www.sofame.tn\/fr\/wp-json\/wp\/v2\/media?parent=2277"}],"wp:term":[{"taxonomy":"product_brand","embeddable":true,"href":"https:\/\/www.sofame.tn\/fr\/wp-json\/wp\/v2\/product_brand?post=2277"},{"taxonomy":"product_cat","embeddable":true,"href":"https:\/\/www.sofame.tn\/fr\/wp-json\/wp\/v2\/product_cat?post=2277"},{"taxonomy":"product_tag","embeddable":true,"href":"https:\/\/www.sofame.tn\/fr\/wp-json\/wp\/v2\/product_tag?post=2277"}],"curies":[{"name":"wp","href":"https:\/\/api.w.org\/{rel}","templated":true}]}}