{"id":2279,"date":"2019-07-20T20:46:58","date_gmt":"2019-07-20T20:46:58","guid":{"rendered":"http:\/\/sofame.tn\/product\/twist-200-el-fr\/"},"modified":"2019-07-29T15:02:28","modified_gmt":"2019-07-29T15:02:28","slug":"twist-200-el-fr","status":"publish","type":"product","link":"https:\/\/www.sofame.tn\/fr\/product\/twist-200-el-fr\/","title":{"rendered":"Systeme twist 200 EL"},"content":{"rendered":"<p>Avantages du produit<br \/>\nUn angle d&rsquo;ouverture plus grand<br \/>\nL&rsquo;automatisation permet d&rsquo;atteindre un angle d&rsquo;ouverture de 130 \u00b0.<\/p>\n<p>Plus de force pour plus de s\u00e9curit\u00e9<br \/>\nComme il est plus inclin\u00e9, l\u2019automatisation applique une plus grande force lorsque la porte est ferm\u00e9e, ce qui la rend plus difficile \u00e0 casser.<\/p>\n<p>Une coupure de courant &#8211; que faire?<br \/>\nEn cas de panne de courant, vous pouvez activer manuellement le dispositif de d\u00e9verrouillage d\u2019urgence m\u00e9canique avec une cl\u00e9 afin d\u2019ouvrir votre portail. M\u00eame si l&rsquo;automatisation est soumise \u00e0 une forte pression, il est possible d&rsquo;activer le dispositif de d\u00e9verrouillage avec un minimum d&rsquo;effort et vous pouvez entrer dans votre propri\u00e9t\u00e9.<\/p>\n<p>Des fonctions qui facilitent la vie<br \/>\nLa fonction de portail vous permet d\u2019ouvrir une seule des portes du portail, par exemple, pour rentrer chez vous \u00e0 v\u00e9lo. Cela vous permet de conserver une porte de jardin et de profiter de toute la largeur de votre all\u00e9e.<br \/>\nGr\u00e2ce \u00e0 la fonction de fermeture automatique, vous pouvez \u00eatre s\u00fbr que le portail se ferme toujours derri\u00e8re vous. Apr\u00e8s avoir franchi la barri\u00e8re photo\u00e9lectrique, le portail se ferme automatiquement une fois le d\u00e9lai d\u00e9fini \u00e9coul\u00e9.<\/p>\n<p>Bien pens\u00e9 dans les moindres d\u00e9tails<br \/>\nPuisque la sortie de c\u00e2ble ne se trouve pas en dessous, les c\u00e2bles ne peuvent pas \u00eatre endommag\u00e9s en frottant le sol. Cela permet de le monter \u00e0 faible hauteur sur le tableau arri\u00e8re stable de la porte. Cela se traduit par une meilleure transmission des efforts et une apparence plus esth\u00e9tique.<\/p>\n<p>Combinaison d&rsquo;automatismes<br \/>\nDans le cas d&rsquo;une petite porte, vous avez g\u00e9n\u00e9ralement besoin d&rsquo;une automatisation moins puissante que celle requise pour une grande aile. Le fait de pouvoir combiner l\u2019automatisation vous permet d\u2019\u00e9conomiser de l\u2019argent et de l\u2019espace par rapport \u00e0 un grand automatisme.<br \/>\nLe mode mixte est possible avec les automatismes twist 350 et twist XL *.<\/p>\n<p>* Les automatismes twist 200 E \/ EL et les commandes twist 350 \/ XL ne peuvent fonctionner qu&rsquo;avec le kit de transformation \u00ab\u00a0twist XS\u00a0\u00bb (r\u00e9f\u00e9rence 3248V000).<\/p>\n<p>Autres caract\u00e9ristiques d&rsquo;une course plus longue sur le twist 200 EL<br \/>\nL&rsquo;automation peut \u00eatre mont\u00e9e sur de tr\u00e8s grands montants sans avoir \u00e0 les d\u00e9monter.<br \/>\nCette automatisation permet m\u00eame d&rsquo;atteindre un angle d&rsquo;ouverture de 130 \u00b0.<\/p>\n","protected":false},"excerpt":{"rendered":"<p><span class=\"tlid-translation translation\" lang=\"fr\"><span title=\"\">Plage de temp\u00e9rature &#8211; 30 \u00b0 C \u00e0 + 70 \u00b0 C<\/span><br \/>\n<span title=\"\">Tension nominale 220-240 V c.a.<\/span><br \/>\n<span title=\"\">Course (par automatisation) 550 mm<\/span><br \/>\n<span class=\"\" title=\"\">Fr\u00e9quence nominale 50\/60 Hz<\/span><br \/>\n<span class=\"\" title=\"\">Degr\u00e9 de protection IP44<\/span><\/span><\/p>\n","protected":false},"featured_media":2280,"comment_status":"closed","ping_status":"closed","template":"","meta":[],"product_brand":[],"product_cat":[934,931],"product_tag":[],"class_list":{"0":"post-2279","1":"product","2":"type-product","3":"status-publish","4":"has-post-thumbnail","6":"product_cat-automatisation-de-portes","7":"product_cat-portes-en-generale","9":"first","10":"instock","11":"shipping-taxable","12":"product-type-simple"},"_links":{"self":[{"href":"https:\/\/www.sofame.tn\/fr\/wp-json\/wp\/v2\/product\/2279","targetHints":{"allow":["GET"]}}],"collection":[{"href":"https:\/\/www.sofame.tn\/fr\/wp-json\/wp\/v2\/product"}],"about":[{"href":"https:\/\/www.sofame.tn\/fr\/wp-json\/wp\/v2\/types\/product"}],"replies":[{"embeddable":true,"href":"https:\/\/www.sofame.tn\/fr\/wp-json\/wp\/v2\/comments?post=2279"}],"wp:featuredmedia":[{"embeddable":true,"href":"https:\/\/www.sofame.tn\/fr\/wp-json\/wp\/v2\/media\/2280"}],"wp:attachment":[{"href":"https:\/\/www.sofame.tn\/fr\/wp-json\/wp\/v2\/media?parent=2279"}],"wp:term":[{"taxonomy":"product_brand","embeddable":true,"href":"https:\/\/www.sofame.tn\/fr\/wp-json\/wp\/v2\/product_brand?post=2279"},{"taxonomy":"product_cat","embeddable":true,"href":"https:\/\/www.sofame.tn\/fr\/wp-json\/wp\/v2\/product_cat?post=2279"},{"taxonomy":"product_tag","embeddable":true,"href":"https:\/\/www.sofame.tn\/fr\/wp-json\/wp\/v2\/product_tag?post=2279"}],"curies":[{"name":"wp","href":"https:\/\/api.w.org\/{rel}","templated":true}]}}