{"id":2284,"date":"2019-07-20T20:35:15","date_gmt":"2019-07-20T20:35:15","guid":{"rendered":"http:\/\/sofame.tn\/product\/portes-battantes\/"},"modified":"2019-07-29T15:08:16","modified_gmt":"2019-07-29T15:08:16","slug":"portes-battantes","status":"publish","type":"product","link":"https:\/\/www.sofame.tn\/fr\/product\/portes-battantes\/","title":{"rendered":"PORTES BATTANTES"},"content":{"rendered":"<p>Il poss\u00e8de des vantaux libres qui permettent une ouverture dans les deux sens, gr\u00e2ce \u00e0 un m\u00e9canisme d\u2019entra\u00eenement remplissant \u00e0 la fois les fonctions de pouss\u00e9e et de traction. La porte battante peut \u00eatre une porte ext\u00e9rieure, elle donne souvent acc\u00e8s \u00e0 des lieux publics ou une porte int\u00e9rieure permettant de passer d\u2019une pi\u00e8ce \u00e0 l\u2019autre. Il peut avoir une ou deux feuilles libres, ces derni\u00e8res sont parfois des demi-murs pouss\u00e9s comme des portes dites \u00ab\u00a0saloon\u00a0\u00bb.<\/p>\n<p>Utilisation de la porte battante<br \/>\nIl existe deux principaux types de portes battantes: automatique et manuelle. La premi\u00e8re ouverte \u00e0 votre arriv\u00e9e et ferm\u00e9e toute seule. Leur fonctionnement est id\u00e9al pour les personnes handicap\u00e9es ou \u00e0 mobilit\u00e9 r\u00e9duite.<\/p>\n","protected":false},"excerpt":{"rendered":"<p>La porte battante est tr\u00e8s utilis\u00e9e dans le monde de la restauration ou des h\u00f4pitaux pour son c\u00f4t\u00e9 pratique, en effet elle ne n\u00e9cessite pas d&rsquo;avoir les mains libres.<\/p>\n","protected":false},"featured_media":2285,"comment_status":"closed","ping_status":"closed","template":"","meta":[],"product_brand":[],"product_cat":[931,941],"product_tag":[987],"class_list":{"0":"post-2284","1":"product","2":"type-product","3":"status-publish","4":"has-post-thumbnail","6":"product_cat-portes-en-generale","7":"product_cat-stainless-steel","8":"product_tag-portes-et-fenetres-battantes","10":"first","11":"instock","12":"shipping-taxable","13":"product-type-simple"},"_links":{"self":[{"href":"https:\/\/www.sofame.tn\/fr\/wp-json\/wp\/v2\/product\/2284","targetHints":{"allow":["GET"]}}],"collection":[{"href":"https:\/\/www.sofame.tn\/fr\/wp-json\/wp\/v2\/product"}],"about":[{"href":"https:\/\/www.sofame.tn\/fr\/wp-json\/wp\/v2\/types\/product"}],"replies":[{"embeddable":true,"href":"https:\/\/www.sofame.tn\/fr\/wp-json\/wp\/v2\/comments?post=2284"}],"wp:featuredmedia":[{"embeddable":true,"href":"https:\/\/www.sofame.tn\/fr\/wp-json\/wp\/v2\/media\/2285"}],"wp:attachment":[{"href":"https:\/\/www.sofame.tn\/fr\/wp-json\/wp\/v2\/media?parent=2284"}],"wp:term":[{"taxonomy":"product_brand","embeddable":true,"href":"https:\/\/www.sofame.tn\/fr\/wp-json\/wp\/v2\/product_brand?post=2284"},{"taxonomy":"product_cat","embeddable":true,"href":"https:\/\/www.sofame.tn\/fr\/wp-json\/wp\/v2\/product_cat?post=2284"},{"taxonomy":"product_tag","embeddable":true,"href":"https:\/\/www.sofame.tn\/fr\/wp-json\/wp\/v2\/product_tag?post=2284"}],"curies":[{"name":"wp","href":"https:\/\/api.w.org\/{rel}","templated":true}]}}