{"id":2292,"date":"2019-07-20T20:19:43","date_gmt":"2019-07-20T20:19:43","guid":{"rendered":"http:\/\/sofame.tn\/product\/porte-coulissante\/"},"modified":"2019-07-29T15:12:26","modified_gmt":"2019-07-29T15:12:26","slug":"porte-coulissante","status":"publish","type":"product","link":"https:\/\/www.sofame.tn\/fr\/product\/porte-coulissante\/","title":{"rendered":"Porte coulissante"},"content":{"rendered":"<div class=\"text-wrap tlid-copy-target\">\n<div class=\"result-shield-container tlid-copy-target\" tabindex=\"0\"><span class=\"tlid-translation translation\" lang=\"fr\"><span class=\"tlid-translation translation\" lang=\"fr\"><span class=\"tlid-translation translation\" lang=\"fr\"><span class=\"\" title=\"\">Les caract\u00e9ristiques<\/span><br \/>\n<span class=\"\" title=\"\">Couleur disponible: blanc \/ noir \/ gris<\/span><br \/>\n<span title=\"\">Dimension disponible: personnalis\u00e9<\/span><br \/>\n<span title=\"\">Motorisation: moteur PROTECO<\/span><br \/>\n<span title=\"\">Le moteur est con\u00e7u pour alimenter les portails coulissants r\u00e9sidentiels<\/span><\/p>\n<p><span title=\"\">Le kit:<\/span><br \/>\n<span title=\"\">1 capacit\u00e9 de moteur 1500 kg maximum<\/span><br \/>\n<span title=\"\">1 plaque de r\u00e9glage<\/span><br \/>\n<span title=\"\">1 carte de gestion MQE60RS avec r\u00e9cepteur int\u00e9gr\u00e9<\/span><br \/>\n<span title=\"\">2 t\u00e9l\u00e9commandes PTX433305NEWPRO<\/span><br \/>\n<span title=\"\">1 jeu de cellules PRF3602<\/span><br \/>\n<span title=\"\">1 PRL12 clignotant<\/span><br \/>\n<span title=\"\">1 interrupteur \u00e0 cl\u00e9 PRS15<\/span><br \/>\n<span title=\"\">4 m\u00e8tres d&rsquo;etag<span class=\"\" title=\"\">\u00e8<\/span>res<br \/>\n<\/span><\/span><\/span><\/span><\/div>\n<\/div>\n","protected":false},"excerpt":{"rendered":"<p><span class=\"tlid-translation translation\" lang=\"fr\"><span class=\"\" title=\"\">Une porte adapt\u00e9e \u00e0 vos exigences, silencieuse, stable, \u00e9tanche et rassurante<\/span><br \/>\n<span class=\"\" title=\"\">C&rsquo;est une solution adopt\u00e9e \u00e0 la place qui manque d&rsquo;espace<\/span><br \/>\n<span class=\"\" title=\"\">Tous les \u00e9l\u00e9ments m\u00e9talliques sont prot\u00e9g\u00e9s contre la corrosion galvanique,<\/span><\/p>\n<p><span title=\"\">C&rsquo;est fondamentalement la porte de garage \u00e0 la maison, l&rsquo;usine &#8230;<\/span><\/span><\/p>\n","protected":false},"featured_media":2293,"comment_status":"closed","ping_status":"closed","template":"","meta":[],"product_brand":[],"product_cat":[942,931],"product_tag":[1002,973],"class_list":{"0":"post-2292","1":"product","2":"type-product","3":"status-publish","4":"has-post-thumbnail","6":"product_cat-charpenterie","7":"product_cat-portes-en-generale","8":"product_tag-porte-avec-telecommande","9":"product_tag-systeme-de-motorisation","11":"first","12":"instock","13":"shipping-taxable","14":"product-type-simple"},"_links":{"self":[{"href":"https:\/\/www.sofame.tn\/fr\/wp-json\/wp\/v2\/product\/2292","targetHints":{"allow":["GET"]}}],"collection":[{"href":"https:\/\/www.sofame.tn\/fr\/wp-json\/wp\/v2\/product"}],"about":[{"href":"https:\/\/www.sofame.tn\/fr\/wp-json\/wp\/v2\/types\/product"}],"replies":[{"embeddable":true,"href":"https:\/\/www.sofame.tn\/fr\/wp-json\/wp\/v2\/comments?post=2292"}],"wp:featuredmedia":[{"embeddable":true,"href":"https:\/\/www.sofame.tn\/fr\/wp-json\/wp\/v2\/media\/2293"}],"wp:attachment":[{"href":"https:\/\/www.sofame.tn\/fr\/wp-json\/wp\/v2\/media?parent=2292"}],"wp:term":[{"taxonomy":"product_brand","embeddable":true,"href":"https:\/\/www.sofame.tn\/fr\/wp-json\/wp\/v2\/product_brand?post=2292"},{"taxonomy":"product_cat","embeddable":true,"href":"https:\/\/www.sofame.tn\/fr\/wp-json\/wp\/v2\/product_cat?post=2292"},{"taxonomy":"product_tag","embeddable":true,"href":"https:\/\/www.sofame.tn\/fr\/wp-json\/wp\/v2\/product_tag?post=2292"}],"curies":[{"name":"wp","href":"https:\/\/api.w.org\/{rel}","templated":true}]}}