{"id":2311,"date":"2019-07-20T19:39:28","date_gmt":"2019-07-20T19:39:28","guid":{"rendered":"http:\/\/sofame.tn\/product\/portes-radar\/"},"modified":"2019-07-29T15:20:05","modified_gmt":"2019-07-29T15:20:05","slug":"portes-radar","status":"publish","type":"product","link":"https:\/\/www.sofame.tn\/fr\/product\/portes-radar\/","title":{"rendered":"PORTES RADAR"},"content":{"rendered":"<p>Ils ne n\u00e9gligent jamais l&rsquo;esth\u00e9tique, donnant une beaut\u00e9 incomparable o\u00f9 qu&rsquo;ils soient install\u00e9s. Pour une gestion optimale des flux tout en respectant la s\u00e9curit\u00e9 des utilisateurs, ces portes hautement fiables sont particuli\u00e8rement adapt\u00e9es aux lieux publics o\u00f9 les \u00e9quipements sont tr\u00e8s demand\u00e9s.<\/p>\n<p>&#8211; Conforme aux exigences de s\u00e9curit\u00e9<br \/>\n&#8211; Grand confort d&rsquo;utilisation<br \/>\n&#8211; Large choix de feuilles, de vitrages, de nuances<br \/>\n&#8211; ouverture de s\u00e9curit\u00e9<br \/>\n&#8211; Architecture robuste et fiable<br \/>\n&#8211; glissement: offre une protection efficace contre le cambriolage et le vandalisme.<br \/>\n&#8211; T\u00e9lescopique: Portes coulissantes t\u00e9lescopiques automatiques pour une largeur de passage maximale avec un minimum d&rsquo;espace.<\/p>\n","protected":false},"excerpt":{"rendered":"<p><span class=\"tlid-translation translation\" lang=\"fr\"><span class=\"\" title=\"\">Les portes radar sont des portes compactes, tr\u00e8s confortables et prestigieuses, tr\u00e8s pratiques dans la vie quotidienne des entreprises, bureaux, bureaux de poste, gares, a\u00e9roports, r\u00e9sidences priv\u00e9es, m\u00e9tros, \u00e9v\u00e9nements sp\u00e9ciaux, magasins, installations navales &#8230;<\/span><\/span><\/p>\n","protected":false},"featured_media":2312,"comment_status":"closed","ping_status":"closed","template":"","meta":[],"product_brand":[],"product_cat":[931],"product_tag":[980],"class_list":{"0":"post-2311","1":"product","2":"type-product","3":"status-publish","4":"has-post-thumbnail","6":"product_cat-portes-en-generale","7":"product_tag-systemes-de-detection","9":"first","10":"instock","11":"shipping-taxable","12":"product-type-simple"},"_links":{"self":[{"href":"https:\/\/www.sofame.tn\/fr\/wp-json\/wp\/v2\/product\/2311","targetHints":{"allow":["GET"]}}],"collection":[{"href":"https:\/\/www.sofame.tn\/fr\/wp-json\/wp\/v2\/product"}],"about":[{"href":"https:\/\/www.sofame.tn\/fr\/wp-json\/wp\/v2\/types\/product"}],"replies":[{"embeddable":true,"href":"https:\/\/www.sofame.tn\/fr\/wp-json\/wp\/v2\/comments?post=2311"}],"wp:featuredmedia":[{"embeddable":true,"href":"https:\/\/www.sofame.tn\/fr\/wp-json\/wp\/v2\/media\/2312"}],"wp:attachment":[{"href":"https:\/\/www.sofame.tn\/fr\/wp-json\/wp\/v2\/media?parent=2311"}],"wp:term":[{"taxonomy":"product_brand","embeddable":true,"href":"https:\/\/www.sofame.tn\/fr\/wp-json\/wp\/v2\/product_brand?post=2311"},{"taxonomy":"product_cat","embeddable":true,"href":"https:\/\/www.sofame.tn\/fr\/wp-json\/wp\/v2\/product_cat?post=2311"},{"taxonomy":"product_tag","embeddable":true,"href":"https:\/\/www.sofame.tn\/fr\/wp-json\/wp\/v2\/product_tag?post=2311"}],"curies":[{"name":"wp","href":"https:\/\/api.w.org\/{rel}","templated":true}]}}