{"id":2317,"date":"2019-07-20T19:22:41","date_gmt":"2019-07-20T19:22:41","guid":{"rendered":"http:\/\/sofame.tn\/product\/les-portes-radar-sont-des-portes-compactes-tres-confortables-et-prestigieuses-tres-pratiques-dans-la-vie-quotidienne-des-entreprises-bureaux-bureaux-de-poste-gares-aeroports-residences-privees\/"},"modified":"2019-07-29T15:22:43","modified_gmt":"2019-07-29T15:22:43","slug":"les-portes-radar-sont-des-portes-compactes-tres-confortables-et-prestigieuses-tres-pratiques-dans-la-vie-quotidienne-des-entreprises-bureaux-bureaux-de-poste-gares-aeroports-residences-privees","status":"publish","type":"product","link":"https:\/\/www.sofame.tn\/fr\/product\/les-portes-radar-sont-des-portes-compactes-tres-confortables-et-prestigieuses-tres-pratiques-dans-la-vie-quotidienne-des-entreprises-bureaux-bureaux-de-poste-gares-aeroports-residences-privees\/","title":{"rendered":"Portes sur\u00e9lev\u00e9es"},"content":{"rendered":"<p>Notre porte basculante est caract\u00e9ris\u00e9e par: un syst\u00e8me de s\u00e9curit\u00e9 \u00e0 plusieurs ressorts, un guidage pr\u00e9cis du rail: emp\u00eache le d\u00e9raillement du tablier, une but\u00e9e de s\u00e9curit\u00e9 du rail, des capots de protection sur les bras de levage, des joints de protection sur le tablier et le ch\u00e2ssis en sommeil, une distance de s\u00e9curit\u00e9 entre les ressorts.<\/p>\n<p>&#8211; Syst\u00e8me de s\u00e9curit\u00e9 multi-ressorts<\/p>\n<p>&#8211; Guidage pr\u00e9cis sur rails: emp\u00eache le d\u00e9raillement du tablier<\/p>\n<p>&#8211; Arr\u00eat de s\u00e9curit\u00e9 ferroviaire<\/p>\n<p>&#8211; Couvercles de protection sur les bras de levage<\/p>\n<p>&#8211; Joints de protection sur le tablier et le sommier<\/p>\n<p>Il s&rsquo;agit d&rsquo;une porte de protection pr\u00e9mont\u00e9e avec un cadre tubulaire rectangulaire, des rails de guidage avec but\u00e9es de s\u00e9curit\u00e9 et un panneau de porte en une pi\u00e8ce. \u00c9quilibrage par ressorts de traction et bras de levier, verrouillage par verrouillage lat\u00e9ral, serrure avec demi-cylindre profil\u00e9 et poign\u00e9e ronde. Panneau de porte avec couche d&rsquo;appr\u00eat \u00e0 base de poudre blanche. Plus de confort avec la porte t\u00e9l\u00e9command\u00e9e. Vous ouvrez la porte du garage sans quitter votre voiture et sans vous exposer aux intemp\u00e9ries. Le montage et la fixation d&rsquo;une porte basculante optimisent l&rsquo;espace disponible \u00e0 l&rsquo;int\u00e9rieur du garage.<\/p>\n<p>D\u00e9verrouiller en cas de panne de courant est tr\u00e8s facile:<\/p>\n<p>En cas de panne de courant, l&rsquo;automatisation permet toujours un fonctionnement manuel en d\u00e9verrouillant le motor\u00e9ducteur \u00e0 l&rsquo;aide d&rsquo;une poign\u00e9e int\u00e9rieure ou d&rsquo;une cl\u00e9 personnalis\u00e9e de l&rsquo;ext\u00e9rieur. Des syst\u00e8mes de c\u00e2bles m\u00e9talliques renforc\u00e9s ou de tiges rigides, \u00e0 connecter \u00e0 la poign\u00e9e de la porte, sont \u00e9galement disponibles en option.<\/p>\n","protected":false},"excerpt":{"rendered":"<p><span class=\"tlid-translation translation\" lang=\"fr\"><span class=\"\" title=\"\">C&rsquo;est la solution la plus fiable pour votre garage si vous ne souhaitez pas opter pour la gamme sectionnelle \u00e9lev\u00e9e.<\/span><\/span><\/p>\n","protected":false},"featured_media":2318,"comment_status":"closed","ping_status":"closed","template":"","meta":[],"product_brand":[],"product_cat":[931,935],"product_tag":[1000,998,1006,996,990,978],"class_list":{"0":"post-2317","1":"product","2":"type-product","3":"status-publish","4":"has-post-thumbnail","6":"product_cat-portes-en-generale","7":"product_cat-portes-rectangulaires-cadre-tubulaire","8":"product_tag-cadre-tubulaire","9":"product_tag-controle-manuel","10":"product_tag-mecanismes-divers","11":"product_tag-porte-avec-moteur","12":"product_tag-portes-automatiques","13":"product_tag-solutions-de-protection","15":"first","16":"instock","17":"shipping-taxable","18":"product-type-simple"},"_links":{"self":[{"href":"https:\/\/www.sofame.tn\/fr\/wp-json\/wp\/v2\/product\/2317","targetHints":{"allow":["GET"]}}],"collection":[{"href":"https:\/\/www.sofame.tn\/fr\/wp-json\/wp\/v2\/product"}],"about":[{"href":"https:\/\/www.sofame.tn\/fr\/wp-json\/wp\/v2\/types\/product"}],"replies":[{"embeddable":true,"href":"https:\/\/www.sofame.tn\/fr\/wp-json\/wp\/v2\/comments?post=2317"}],"wp:featuredmedia":[{"embeddable":true,"href":"https:\/\/www.sofame.tn\/fr\/wp-json\/wp\/v2\/media\/2318"}],"wp:attachment":[{"href":"https:\/\/www.sofame.tn\/fr\/wp-json\/wp\/v2\/media?parent=2317"}],"wp:term":[{"taxonomy":"product_brand","embeddable":true,"href":"https:\/\/www.sofame.tn\/fr\/wp-json\/wp\/v2\/product_brand?post=2317"},{"taxonomy":"product_cat","embeddable":true,"href":"https:\/\/www.sofame.tn\/fr\/wp-json\/wp\/v2\/product_cat?post=2317"},{"taxonomy":"product_tag","embeddable":true,"href":"https:\/\/www.sofame.tn\/fr\/wp-json\/wp\/v2\/product_tag?post=2317"}],"curies":[{"name":"wp","href":"https:\/\/api.w.org\/{rel}","templated":true}]}}