{"id":2325,"date":"2019-07-18T23:07:29","date_gmt":"2019-07-18T23:07:29","guid":{"rendered":"http:\/\/sofame.tn\/product\/fenetres-en-fer-forge\/"},"modified":"2019-07-29T15:25:00","modified_gmt":"2019-07-29T15:25:00","slug":"fenetres-en-fer-forge","status":"publish","type":"product","link":"https:\/\/www.sofame.tn\/fr\/product\/fenetres-en-fer-forge\/","title":{"rendered":"fen\u00eatres en fer forg\u00e9"},"content":{"rendered":"<p>Purement un \u00e9l\u00e9ment d\u00e9coratif, cette fen\u00eatre en fer forg\u00e9 est construite dans un mur de calcaire attenant \u00e0 l&rsquo;arri\u00e8re de la maison. La fen\u00eatre encadre une vue imprenable sur la pelouse arri\u00e8re.<\/p>\n","protected":false},"excerpt":{"rendered":"<p><span class=\"tlid-translation translation\" lang=\"fr\"><span class=\"\" title=\"\">Conception \u00e0 la demande du client<\/span><\/span><\/p>\n","protected":false},"featured_media":2330,"comment_status":"closed","ping_status":"closed","template":"","meta":[],"product_brand":[],"product_cat":[956],"product_tag":[],"class_list":{"0":"post-2325","1":"product","2":"type-product","3":"status-publish","4":"has-post-thumbnail","6":"product_cat-fenetre-en-fer-forge-et-decoration","8":"first","9":"instock","10":"shipping-taxable","11":"product-type-simple"},"_links":{"self":[{"href":"https:\/\/www.sofame.tn\/fr\/wp-json\/wp\/v2\/product\/2325","targetHints":{"allow":["GET"]}}],"collection":[{"href":"https:\/\/www.sofame.tn\/fr\/wp-json\/wp\/v2\/product"}],"about":[{"href":"https:\/\/www.sofame.tn\/fr\/wp-json\/wp\/v2\/types\/product"}],"replies":[{"embeddable":true,"href":"https:\/\/www.sofame.tn\/fr\/wp-json\/wp\/v2\/comments?post=2325"}],"wp:featuredmedia":[{"embeddable":true,"href":"https:\/\/www.sofame.tn\/fr\/wp-json\/wp\/v2\/media\/2330"}],"wp:attachment":[{"href":"https:\/\/www.sofame.tn\/fr\/wp-json\/wp\/v2\/media?parent=2325"}],"wp:term":[{"taxonomy":"product_brand","embeddable":true,"href":"https:\/\/www.sofame.tn\/fr\/wp-json\/wp\/v2\/product_brand?post=2325"},{"taxonomy":"product_cat","embeddable":true,"href":"https:\/\/www.sofame.tn\/fr\/wp-json\/wp\/v2\/product_cat?post=2325"},{"taxonomy":"product_tag","embeddable":true,"href":"https:\/\/www.sofame.tn\/fr\/wp-json\/wp\/v2\/product_tag?post=2325"}],"curies":[{"name":"wp","href":"https:\/\/api.w.org\/{rel}","templated":true}]}}