{"id":2334,"date":"2019-07-07T21:09:36","date_gmt":"2019-07-07T21:09:36","guid":{"rendered":"http:\/\/sofame.tn\/product\/acier-inoxydable-inox\/"},"modified":"2019-07-29T15:29:33","modified_gmt":"2019-07-29T15:29:33","slug":"acier-inoxydable-inox","status":"publish","type":"product","link":"https:\/\/www.sofame.tn\/fr\/product\/acier-inoxydable-inox\/","title":{"rendered":"Acier inoxydable INOX"},"content":{"rendered":"<p>Notre soci\u00e9t\u00e9 est sp\u00e9cialis\u00e9e dans les constructions en acier inoxydable, les mains courantes, les escaliers en acier inoxydable, les abris de cristal, les constructions sp\u00e9ciales en acier inoxydable et les conceptions architecturales en acier inoxydable.<\/p>\n<p>En tant qu&rsquo;entreprise, nous nous distinguons par l&rsquo;application in\u00e9gal\u00e9e de nos constructions. Cela est d\u00fb au fait que toutes nos constructions sont faites \u00e0 la main. Nous avons la capacit\u00e9 de concevoir et de personnaliser chaque construction en fonction des exigences du client et de l&rsquo;environnement.<\/p>\n<p>Cela signifie que nous ne sommes pas simplement une entreprise de fabrication, mais que nous traitons chaque cas comme unique et que nous le construisons \u00e9tape par \u00e9tape en nous concentrant sur la haute qualit\u00e9 et le r\u00e9sultat parfait.<\/p>\n<p>Par cons\u00e9quent, pour chaque personne aux exigences \u00e9lev\u00e9es, il y a toujours synonyme de qualit\u00e9 et d&rsquo;\u00e9l\u00e9gance.<\/p>\n","protected":false},"excerpt":{"rendered":"<p>Notre soci\u00e9t\u00e9 est sp\u00e9cialis\u00e9e dans les constructions en acier inoxydable, les mains courantes, les escaliers en acier inoxydable, les abris de cristal, les constructions sp\u00e9ciales en acier inoxydable et les conceptions architecturales en acier inoxydable. En tant qu&rsquo;entreprise, nous nous distinguons par l&rsquo;application in\u00e9gal\u00e9e de nos constructions. Cela est d\u00fb au fait que toutes nos [&hellip;]<\/p>\n","protected":false},"featured_media":2335,"comment_status":"closed","ping_status":"closed","template":"","meta":[],"product_brand":[],"product_cat":[941],"product_tag":[],"class_list":{"0":"post-2334","1":"product","2":"type-product","3":"status-publish","4":"has-post-thumbnail","6":"product_cat-stainless-steel","8":"first","9":"instock","10":"shipping-taxable","11":"product-type-simple"},"_links":{"self":[{"href":"https:\/\/www.sofame.tn\/fr\/wp-json\/wp\/v2\/product\/2334","targetHints":{"allow":["GET"]}}],"collection":[{"href":"https:\/\/www.sofame.tn\/fr\/wp-json\/wp\/v2\/product"}],"about":[{"href":"https:\/\/www.sofame.tn\/fr\/wp-json\/wp\/v2\/types\/product"}],"replies":[{"embeddable":true,"href":"https:\/\/www.sofame.tn\/fr\/wp-json\/wp\/v2\/comments?post=2334"}],"wp:featuredmedia":[{"embeddable":true,"href":"https:\/\/www.sofame.tn\/fr\/wp-json\/wp\/v2\/media\/2335"}],"wp:attachment":[{"href":"https:\/\/www.sofame.tn\/fr\/wp-json\/wp\/v2\/media?parent=2334"}],"wp:term":[{"taxonomy":"product_brand","embeddable":true,"href":"https:\/\/www.sofame.tn\/fr\/wp-json\/wp\/v2\/product_brand?post=2334"},{"taxonomy":"product_cat","embeddable":true,"href":"https:\/\/www.sofame.tn\/fr\/wp-json\/wp\/v2\/product_cat?post=2334"},{"taxonomy":"product_tag","embeddable":true,"href":"https:\/\/www.sofame.tn\/fr\/wp-json\/wp\/v2\/product_tag?post=2334"}],"curies":[{"name":"wp","href":"https:\/\/api.w.org\/{rel}","templated":true}]}}