{"id":2394,"date":"2013-06-07T11:07:19","date_gmt":"2013-06-07T11:07:19","guid":{"rendered":"http:\/\/sofame.tn\/product\/tous-types-de-patios-et-constructions-de-pergola\/"},"modified":"2019-07-29T21:38:31","modified_gmt":"2019-07-29T21:38:31","slug":"tous-types-de-patios-et-constructions-de-pergola","status":"publish","type":"product","link":"https:\/\/www.sofame.tn\/fr\/product\/tous-types-de-patios-et-constructions-de-pergola\/","title":{"rendered":"Tous types de patios et constructions de pergola"},"content":{"rendered":"<p>Les syst\u00e8mes d&rsquo;ombrage comprennent une gamme compl\u00e8te de conceptions adapt\u00e9es \u00e0 tous les types de patios et de constructions de pergola. Les options incluent un design classique ou moderne, avec ou sans capot. Ils \u00e9conomisent de l&rsquo;\u00e9nergie et prot\u00e8gent les b\u00e2timents du rayonnement solaire en cr\u00e9ant les conditions id\u00e9ales dans les espaces int\u00e9rieurs et publics.<\/p>\n<p>Pergolas<\/p>\n<p>La qualit\u00e9 indiscutable des pergolas en aluminium garantit une grande r\u00e9sistance aux intemp\u00e9ries. Adapt\u00e9s \u00e0 tous les espaces, ils sont faciles \u00e0 assembler et \u00e0 installer et ne n\u00e9cessitent aucun entretien particulier. Le rev\u00eatement en poudre est combin\u00e9 aux normes de la classe baln\u00e9aire en mati\u00e8re de protection contre la salinit\u00e9. Ils sont disponibles dans une vari\u00e9t\u00e9 de couleurs, de couleurs sp\u00e9ciales et de teintes imitation bois.<\/p>\n<p>Auvents<\/p>\n<p>Les marquises sont la solution id\u00e9ale pour la protection des entr\u00e9es principales des maisons et des bureaux contre la pluie et le rayonnement solaire. Ils sont fabriqu\u00e9s en aluminium pur, rev\u00eatus de poudre, de conception traditionnelle et moderne. Ils peuvent \u00eatre recouverts de cristal ou de panneaux compacts en polycarbonate. Ils sont ealisy plac\u00e9s sans intervenir dans l&rsquo;architecture du b\u00e2timent et sont disponibles dans quatre dimensions exquises: 100.120.140.180 et 220cm, profondeur 100cm selon le design et l&rsquo;\u00e9paisseur d\u00e9sir\u00e9e.<\/p>\n","protected":false},"excerpt":{"rendered":"<p>Tous types de patios et constructions de pergola.<\/p>\n","protected":false},"featured_media":2395,"comment_status":"closed","ping_status":"closed","template":"","meta":[],"product_brand":[],"product_cat":[953],"product_tag":[],"class_list":{"0":"post-2394","1":"product","2":"type-product","3":"status-publish","4":"has-post-thumbnail","6":"product_cat-systemes-dombrage","8":"first","9":"instock","10":"shipping-taxable","11":"purchasable","12":"product-type-simple"},"_links":{"self":[{"href":"https:\/\/www.sofame.tn\/fr\/wp-json\/wp\/v2\/product\/2394","targetHints":{"allow":["GET"]}}],"collection":[{"href":"https:\/\/www.sofame.tn\/fr\/wp-json\/wp\/v2\/product"}],"about":[{"href":"https:\/\/www.sofame.tn\/fr\/wp-json\/wp\/v2\/types\/product"}],"replies":[{"embeddable":true,"href":"https:\/\/www.sofame.tn\/fr\/wp-json\/wp\/v2\/comments?post=2394"}],"wp:featuredmedia":[{"embeddable":true,"href":"https:\/\/www.sofame.tn\/fr\/wp-json\/wp\/v2\/media\/2395"}],"wp:attachment":[{"href":"https:\/\/www.sofame.tn\/fr\/wp-json\/wp\/v2\/media?parent=2394"}],"wp:term":[{"taxonomy":"product_brand","embeddable":true,"href":"https:\/\/www.sofame.tn\/fr\/wp-json\/wp\/v2\/product_brand?post=2394"},{"taxonomy":"product_cat","embeddable":true,"href":"https:\/\/www.sofame.tn\/fr\/wp-json\/wp\/v2\/product_cat?post=2394"},{"taxonomy":"product_tag","embeddable":true,"href":"https:\/\/www.sofame.tn\/fr\/wp-json\/wp\/v2\/product_tag?post=2394"}],"curies":[{"name":"wp","href":"https:\/\/api.w.org\/{rel}","templated":true}]}}