{"id":2407,"date":"2013-06-07T11:25:01","date_gmt":"2013-06-07T11:25:01","guid":{"rendered":"http:\/\/sofame.tn\/product\/le-systeme-dombrage-sh-3400\/"},"modified":"2019-07-29T22:36:17","modified_gmt":"2019-07-29T22:36:17","slug":"le-systeme-dombrage-sh-3400","status":"publish","type":"product","link":"https:\/\/www.sofame.tn\/fr\/product\/le-systeme-dombrage-sh-3400\/","title":{"rendered":"Le syst\u00e8me d&rsquo;ombrage SH 3400"},"content":{"rendered":"<p>Le nouveau syst\u00e8me d&rsquo;ombrage SH 3400 offre la solution id\u00e9ale pour la protection contre le rayonnement solaire et le contr\u00f4le extr\u00eamement efficace de l&rsquo;\u00e9clairage naturel des b\u00e2timents.<\/p>\n<p>Les stores sp\u00e9cialement con\u00e7us ont la possibilit\u00e9 d\u2019\u00eatre plac\u00e9s horizontalement ou verticalement, mobiles ou fixes, en fonction des besoins de construction et des tendances architecturales actuelles.<\/p>\n<p>Sa caract\u00e9ristique principale et son avantage concurrentiel est que l\u2019\u00e9cart entre le cadre et le store n\u2019est que de 10 mm, ce qui satisfait pleinement toutes les exigences en mati\u00e8re de r\u00e9duction du rayonnement solaire.<\/p>\n<p>Caract\u00e9ristiques de base<br \/>\n\u2022 Une grande vari\u00e9t\u00e9 de largeurs et de persiennes diff\u00e9rentes est disponible.<br \/>\n\u2022 Persiennes \u00e0 inclinaison fixe ou r\u00e9glable.<br \/>\n\u2022 Constructions en disposition horizontale et verticale.<br \/>\n\u2022 Facilit\u00e9 de montage, montage et d\u00e9montage.<br \/>\n\u2022 Coop\u00e8re avec le syst\u00e8me de mur-rideau EW50, standard et structurel<\/p>\n<p>Persiennes fixes avec une inclinaison de 0\u00ba-15\u00ba-30\u00ba-45\u00ba-60\u00ba<br \/>\nPersiennes unifi\u00e9es largeur 200mm<br \/>\nPersiennes composites de 250 \u00e0 400 mm de largeur<\/p>\n","protected":false},"excerpt":{"rendered":"<p>Offre la solution id\u00e9ale pour la protection contre le rayonnement solaire.<\/p>\n","protected":false},"featured_media":2408,"comment_status":"closed","ping_status":"closed","template":"","meta":[],"product_brand":[],"product_cat":[923],"product_tag":[],"class_list":{"0":"post-2407","1":"product","2":"type-product","3":"status-publish","4":"has-post-thumbnail","6":"product_cat-louvre-en-aluminium","8":"first","9":"instock","10":"sale","11":"shipping-taxable","12":"purchasable","13":"product-type-simple"},"_links":{"self":[{"href":"https:\/\/www.sofame.tn\/fr\/wp-json\/wp\/v2\/product\/2407","targetHints":{"allow":["GET"]}}],"collection":[{"href":"https:\/\/www.sofame.tn\/fr\/wp-json\/wp\/v2\/product"}],"about":[{"href":"https:\/\/www.sofame.tn\/fr\/wp-json\/wp\/v2\/types\/product"}],"replies":[{"embeddable":true,"href":"https:\/\/www.sofame.tn\/fr\/wp-json\/wp\/v2\/comments?post=2407"}],"wp:featuredmedia":[{"embeddable":true,"href":"https:\/\/www.sofame.tn\/fr\/wp-json\/wp\/v2\/media\/2408"}],"wp:attachment":[{"href":"https:\/\/www.sofame.tn\/fr\/wp-json\/wp\/v2\/media?parent=2407"}],"wp:term":[{"taxonomy":"product_brand","embeddable":true,"href":"https:\/\/www.sofame.tn\/fr\/wp-json\/wp\/v2\/product_brand?post=2407"},{"taxonomy":"product_cat","embeddable":true,"href":"https:\/\/www.sofame.tn\/fr\/wp-json\/wp\/v2\/product_cat?post=2407"},{"taxonomy":"product_tag","embeddable":true,"href":"https:\/\/www.sofame.tn\/fr\/wp-json\/wp\/v2\/product_tag?post=2407"}],"curies":[{"name":"wp","href":"https:\/\/api.w.org\/{rel}","templated":true}]}}