{"id":2415,"date":"2013-06-07T11:28:45","date_gmt":"2013-06-07T11:28:45","guid":{"rendered":"http:\/\/sofame.tn\/product\/systeme-dobturation-sh-3200\/"},"modified":"2019-07-29T22:42:18","modified_gmt":"2019-07-29T22:42:18","slug":"systeme-dobturation-sh-3200","status":"publish","type":"product","link":"https:\/\/www.sofame.tn\/fr\/product\/systeme-dobturation-sh-3200\/","title":{"rendered":"Syst\u00e8me d&rsquo;obturation SH 3200"},"content":{"rendered":"<p>Le nouveau syst\u00e8me d&rsquo;obturation \u00abSH 3200\u00bb refl\u00e8te les tendances actuelles en mati\u00e8re de protection solaire passive adapt\u00e9e aux b\u00e2timents r\u00e9sidentiels.<br \/>\nLe SH 3200 repr\u00e9sente les nombreuses structures et typologies diff\u00e9rentes qui s\u2019int\u00e8grent tandis que le design inspir\u00e9 offre des constructions de haute qualit\u00e9 avec une fonctionnalit\u00e9 incomparable.<\/p>\n<p>Il s\u2019agit donc d\u2019un syst\u00e8me d\u2019ombrage ext\u00e9rieur qui est install\u00e9 avec les deux typologies conventionnelles en collaboration avec des fen\u00eatres ouvrantes, ainsi qu\u2019une structure ind\u00e9pendante. Son meilleur avantage est qu\u2019il accepte toute la gamme de persiennes fixes, ainsi que le syst\u00e8me de persiennes mobiles 25 mm.<br \/>\nLe SH 3200 a d\u00e9montr\u00e9 dans la pratique un syst\u00e8me agr\u00e9able, extr\u00eamement convivial et pratique \u00e0 utiliser, unique en son genre.<\/p>\n<p>Caract\u00e9ristiques de base<br \/>\n\u2022 Constructions de syst\u00e8mes de volets ouvrants, coulissants et rabattables utilisant le m\u00eame ch\u00e2ssis.<br \/>\n\u2022 Utilisation de rouleaux sp\u00e9ciaux pour un d\u00e9filement et un alignement lisses du vantail, que ce soit pour le syst\u00e8me de pliage ou de glissement.<br \/>\n\u2022 Grande vari\u00e9t\u00e9 de volets ouvrants dans toutes les typologies possibles (fixe, \u00e0 une couche, \u00e0 deux couches, \u00e0 quatre feuilles).<br \/>\n\u2022 Accepte les persiennes fixes, les persiennes ovales et mobiles.<br \/>\n\u2022 Feuilles d&rsquo;ombrage mobiles plac\u00e9es sur le c\u00f4t\u00e9 ext\u00e9rieur ou int\u00e9rieur des balustrades et sur la balustrade, id\u00e9ales pour les applications sur les balcons.<\/p>\n<ul>\n<li>Largeur de guidage: 39\/46 mm<\/li>\n<li>Largeur du cadre: 60 mm<\/li>\n<li>Largeur de la guillotine: 39 mm<\/li>\n<\/ul>\n","protected":false},"excerpt":{"rendered":"<p>Refl\u00e8te les tendances actuelles en mati\u00e8re de protection solaire passive.<\/p>\n","protected":false},"featured_media":2416,"comment_status":"closed","ping_status":"closed","template":"","meta":[],"product_brand":[],"product_cat":[923],"product_tag":[],"class_list":{"0":"post-2415","1":"product","2":"type-product","3":"status-publish","4":"has-post-thumbnail","6":"product_cat-louvre-en-aluminium","8":"first","9":"instock","10":"shipping-taxable","11":"purchasable","12":"product-type-simple"},"_links":{"self":[{"href":"https:\/\/www.sofame.tn\/fr\/wp-json\/wp\/v2\/product\/2415","targetHints":{"allow":["GET"]}}],"collection":[{"href":"https:\/\/www.sofame.tn\/fr\/wp-json\/wp\/v2\/product"}],"about":[{"href":"https:\/\/www.sofame.tn\/fr\/wp-json\/wp\/v2\/types\/product"}],"replies":[{"embeddable":true,"href":"https:\/\/www.sofame.tn\/fr\/wp-json\/wp\/v2\/comments?post=2415"}],"wp:featuredmedia":[{"embeddable":true,"href":"https:\/\/www.sofame.tn\/fr\/wp-json\/wp\/v2\/media\/2416"}],"wp:attachment":[{"href":"https:\/\/www.sofame.tn\/fr\/wp-json\/wp\/v2\/media?parent=2415"}],"wp:term":[{"taxonomy":"product_brand","embeddable":true,"href":"https:\/\/www.sofame.tn\/fr\/wp-json\/wp\/v2\/product_brand?post=2415"},{"taxonomy":"product_cat","embeddable":true,"href":"https:\/\/www.sofame.tn\/fr\/wp-json\/wp\/v2\/product_cat?post=2415"},{"taxonomy":"product_tag","embeddable":true,"href":"https:\/\/www.sofame.tn\/fr\/wp-json\/wp\/v2\/product_tag?post=2415"}],"curies":[{"name":"wp","href":"https:\/\/api.w.org\/{rel}","templated":true}]}}