{"id":2728,"date":"2019-08-16T09:49:20","date_gmt":"2019-08-16T09:49:20","guid":{"rendered":"http:\/\/sofame.tn\/product\/separation-en-aluminium\/"},"modified":"2025-01-19T00:35:30","modified_gmt":"2025-01-19T00:35:30","slug":"abri-bi-pente-en-kit-80-m%c2%b2-8x10x335m","status":"publish","type":"product","link":"https:\/\/www.sofame.tn\/fr\/product\/abri-bi-pente-en-kit-80-m%c2%b2-8x10x335m\/","title":{"rendered":"Abri bi-pente en kit &#8211; 80 m\u00b2 &#8211; 8x10x3,35m"},"content":{"rendered":"<p><strong>D\u2019une surface de presque 100m\u00b2, ce carport galvanis\u00e9 de grandes dimensions, vous offre tout l\u2019espace n\u00e9cessaire pour la protection de vos v\u00e9hicules. Couvert de t\u00f4les 5 ondes renforc\u00e9es, il offre robustesse, esth\u00e9tisme et durabilit\u00e9 !<\/strong><\/p>\n<div><\/div>\n<h3><strong>Ses points forts :<\/strong><\/h3>\n<h4><strong>GRANDE SUPERFICIE :<\/strong><\/h4>\n<ul>\n<li>80m\u00b2 de surface couverte m\u00e9tallique pour le stationnement de vos v\u00e9hicules ou le stockage de votre mat\u00e9riel. Configurez votre abri pour un mod\u00e8le similaire \u00e0 100m\u00b2 !<\/li>\n<\/ul>\n<h4><strong>ROBUSTESSE ET R\u00c9SISTANCE :<\/strong><\/h4>\n<ul>\n<li>Robustesse de la structure gr\u00e2ce aux profils \u03a3 : la plus grande dimension sur le march\u00e9 des abris, plus rigide qu&rsquo;un profil C<\/li>\n<li>Solidit\u00e9 de la couverture en\u00a0<strong>t\u00f4le de 1er choix 5 ondes renforc\u00e9es<\/strong>, un mod\u00e8le unique d&rsquo;onde pour une r\u00e9sistance 8% plus importante que la t\u00f4le classique<\/li>\n<li>Stabilit\u00e9 de l\u2019ossature gr\u00e2ce aux goussets, aux\u00a0<strong>croix de contreventement<\/strong>, aux liernes tubulaires r\u00e9glables (profils ferm\u00e9s plus rigides que les profils ouverts et \u00e9vitant ainsi le d\u00e9versement des pannes) et \u00e0 la \u00a0bretelle de renfort qui assure la rigidit\u00e9 et permet de garder la trav\u00e9e ouverte<\/li>\n<li>S\u00e9curit\u00e9 : rives de s\u00e9rie qui att\u00e9nuent le risque d&rsquo;arrachement des t\u00f4les en cas de vents violents<\/li>\n<\/ul>\n<h4><strong>\u00c9CONOMIE ET DURABILIT\u00c9 GR\u00c2CE \u00c0 LA GALVANISATION :<\/strong><\/h4>\n<ul>\n<li>Pr\u00e9servation de la structure face aux effets n\u00e9fastes des variations de temp\u00e9ratures ext\u00e9rieures et du temps qui passe gr\u00e2ce \u00e0 l&rsquo;action anti-corrosion sur les \u00e9l\u00e9ments en m\u00e9tal<\/li>\n<li>Suppression des co\u00fbts d\u2019entretien sur le tr\u00e8s long terme contrairement \u00e0 une structure peinte qui n\u00e9cessite des retouches r\u00e9guli\u00e8res<\/li>\n<\/ul>\n<h4><strong>ASSURANCE FABRICANT :<\/strong><\/h4>\n<ul>\n<li>Garanties fabricant incluses avec notre\u00a0<strong>assurance\u00a0<\/strong><\/li>\n<\/ul>\n<h4><strong>LIVRAISON ET MONTAGE SIMPLES :<\/strong><\/h4>\n<ul>\n<li>Materiel\u00a0 EN STOCK dans notre base logistique<\/li>\n<li><strong>Montage ais\u00e9<\/strong>, m\u00eame sans connaissance technique, \u00e0 l&rsquo;aide d&rsquo;un outillage l\u00e9ger, gr\u00e2ce aux trous oblongs, aux poteaux pr\u00e9s-perc\u00e9s \u00e0 fixer, \u00e0 la boulonnerie zingu\u00e9e, aux fixations, aux vis auto-foreuses et aux profil \u03a3 tr\u00e8s maniables<\/li>\n<\/ul>\n<h4><strong>LE MEILLEUR RAPPORT QUALIT\u00c9\/PRIX DU MARCH\u00c9 :<\/strong><\/h4>\n<ul>\n<li>Budget centr\u00e9 sur votre besoin premier : ne d\u00e9pensez que l&rsquo;essentiel et non l&rsquo;accessoire<\/li>\n<li>20 ans d&rsquo;expertise et des\u00a0<strong>centaines de clients t\u00e9moignent<\/strong>\u00a0que nos prix sont les plus comp\u00e9titifs du march\u00e9<\/li>\n<\/ul>\n<h4>SP\u00c9CIFICIT\u00c9S<\/h4>\n<table>\n<tbody>\n<tr>\n<td>Sp\u00e9cificit\u00e9 1<\/td>\n<td>Grande surface prot\u00e9g\u00e9e : id\u00e9al pour y abriter v\u00e9hicule et mat\u00e9riel<\/td>\n<\/tr>\n<tr>\n<td>Sp\u00e9cificit\u00e9 2<\/td>\n<td>Structure robuste et durable en acier galvanis\u00e9 \u00e0 chaud<\/td>\n<\/tr>\n<tr>\n<td>Sp\u00e9cificit\u00e9 3<\/td>\n<td>B\u00e2timent en stock : disponible rapidement !<\/td>\n<\/tr>\n<\/tbody>\n<\/table>\n<h4>OPTIONS POSSIBLES<\/h4>\n<table>\n<tbody>\n<tr>\n<td>Bardage<\/td>\n<\/tr>\n<tr>\n<td>Trav\u00e9e(s) suppl\u00e9mentaire(s)<\/td>\n<\/tr>\n<tr>\n<td>T\u00f4les translucides de toiture<\/td>\n<\/tr>\n<tr>\n<td>R\u00e9gulateur de condensation<\/td>\n<\/tr>\n<\/tbody>\n<\/table>\n<div class=\"section__product__details__tab__content\">\n<h4>HABILLAGE<\/h4>\n<table>\n<tbody>\n<tr>\n<td>Type de toiture :<\/td>\n<td>T\u00f4les laqu\u00e9es 50\/100\u00e8me<\/td>\n<\/tr>\n<tr>\n<td>Fa\u00eeti\u00e8re :<\/td>\n<td>Plate large<\/td>\n<\/tr>\n<tr>\n<td>Croix de contreventement :<\/td>\n<td>Incluses<\/td>\n<\/tr>\n<tr>\n<td>Boulonnerie et fixations :<\/td>\n<td>Incluses<\/td>\n<\/tr>\n<\/tbody>\n<\/table>\n<\/div>\n<div class=\"section__product__details__tab__content\">\n<h4><\/h4>\n<\/div>\n","protected":false},"excerpt":{"rendered":"<div class=\"section__product__details__tab__content\">\n<h4>FORMES ET VOLUMES<\/h4>\n<table>\n<tbody>\n<tr>\n<td>Type de b\u00e2timent :<\/td>\n<td>Ouvert<\/td>\n<\/tr>\n<tr>\n<td>Superficie :<\/td>\n<td>80m<sup>2<\/sup><\/td>\n<\/tr>\n<tr>\n<td>Type de pente :<\/td>\n<td>Bi-pente (21%)<\/td>\n<\/tr>\n<tr>\n<td>Largeur :<\/td>\n<td>8m<\/td>\n<\/tr>\n<tr>\n<td>Longueur :<\/td>\n<td>10m<\/td>\n<\/tr>\n<tr>\n<td>Hauteur :<\/td>\n<td>3.35m<\/td>\n<\/tr>\n<tr>\n<td>Section ferme :<\/td>\n<td>\u03a3 200mm<\/td>\n<\/tr>\n<tr>\n<td>Section poteau :<\/td>\n<td>\u03a3 200mm<\/td>\n<\/tr>\n<tr>\n<td>Pannes :<\/td>\n<td>\u03a3200mm galvanis\u00e9es \u00e0 chaud<\/td>\n<\/tr>\n<\/tbody>\n<\/table>\n<\/div>\n<div class=\"section__product__details__tab__content\">\n<h4><\/h4>\n<\/div>\n","protected":false},"featured_media":43750,"comment_status":"open","ping_status":"closed","template":"","meta":[],"product_brand":[],"product_cat":[1146,942,923],"product_tag":[1007],"class_list":{"0":"post-2728","1":"product","2":"type-product","3":"status-publish","4":"has-post-thumbnail","6":"product_cat-abris","7":"product_cat-charpenterie","8":"product_cat-louvre-en-aluminium","9":"product_tag-aluminium","11":"first","12":"instock","13":"shipping-taxable","14":"product-type-simple"},"_links":{"self":[{"href":"https:\/\/www.sofame.tn\/fr\/wp-json\/wp\/v2\/product\/2728","targetHints":{"allow":["GET"]}}],"collection":[{"href":"https:\/\/www.sofame.tn\/fr\/wp-json\/wp\/v2\/product"}],"about":[{"href":"https:\/\/www.sofame.tn\/fr\/wp-json\/wp\/v2\/types\/product"}],"replies":[{"embeddable":true,"href":"https:\/\/www.sofame.tn\/fr\/wp-json\/wp\/v2\/comments?post=2728"}],"wp:featuredmedia":[{"embeddable":true,"href":"https:\/\/www.sofame.tn\/fr\/wp-json\/wp\/v2\/media\/43750"}],"wp:attachment":[{"href":"https:\/\/www.sofame.tn\/fr\/wp-json\/wp\/v2\/media?parent=2728"}],"wp:term":[{"taxonomy":"product_brand","embeddable":true,"href":"https:\/\/www.sofame.tn\/fr\/wp-json\/wp\/v2\/product_brand?post=2728"},{"taxonomy":"product_cat","embeddable":true,"href":"https:\/\/www.sofame.tn\/fr\/wp-json\/wp\/v2\/product_cat?post=2728"},{"taxonomy":"product_tag","embeddable":true,"href":"https:\/\/www.sofame.tn\/fr\/wp-json\/wp\/v2\/product_tag?post=2728"}],"curies":[{"name":"wp","href":"https:\/\/api.w.org\/{rel}","templated":true}]}}