{"id":3230,"date":"2019-09-01T10:26:29","date_gmt":"2019-09-01T10:26:29","guid":{"rendered":"http:\/\/sofame.tn\/product\/separation-show-room\/"},"modified":"2025-01-19T00:04:51","modified_gmt":"2025-01-19T00:04:51","slug":"abri-monopente-en-kit-5-4x15x3-04m","status":"publish","type":"product","link":"https:\/\/www.sofame.tn\/fr\/product\/abri-monopente-en-kit-5-4x15x3-04m\/","title":{"rendered":"Abri-monopente-en-kit-5-4x15x3-04m"},"content":{"rendered":"<h3>SOFAME vous propose cet abri monopente en kit, neuf, jamais mont\u00e9. <strong>DISPONIBLE sous demande !<\/strong><\/h3>\n<h3><strong>Optez pour notre abri en kit monopente de 81m\u00b2, sa structure est en acier galvanis\u00e9 \u00e0 chaud et sa couverture est en t\u00f4les 1er choix \u00e0 5 ondes renforc\u00e9es pour une robustesse et une durabilit\u00e9 exceptionnelles. Offrant une g\u00e9n\u00e9reuse surface couverte de 81m\u00b2 pour abriter mat\u00e9riels et v\u00e9hicules. Un abris en kit facile \u00e0 installer et disponible imm\u00e9diatement.<\/strong><\/h3>\n<div><\/div>\n<h3>Les points forts de notre abris\u00a0 5,4x15x3,04m<\/h3>\n<div><\/div>\n<h4>ROBUSTESSE ET R\u00c9SISTANCE :<\/h4>\n<ul>\n<li>Robustesse de la structure gr\u00e2ce aux profils\u00a0<strong>\u03a3<\/strong>\u00a0: la plus grande dimension sur le march\u00e9 des abris, plus rigide qu&rsquo;un profil C<\/li>\n<li>Solidit\u00e9 de la couverture en\u00a0<strong>t\u00f4le de 1er choix 5 ondes renforc\u00e9es<\/strong>, un mod\u00e8le unique d&rsquo;onde pour une r\u00e9sistance 8% plus importante que la t\u00f4le classique<\/li>\n<li>Stabilit\u00e9 de l\u2019ossature gr\u00e2ce aux goussets, aux\u00a0<strong>croix de contreventement<\/strong>, aux liernes tubulaires r\u00e9glables (profils ferm\u00e9s plus rigides que les profils ouverts et \u00e9vitant ainsi le d\u00e9versement des pannes) et \u00e0 la \u00a0bretelle de renfort qui assure la rigidit\u00e9 et permet de garder la trav\u00e9e ouverte<\/li>\n<li>S\u00e9curit\u00e9 : rives de s\u00e9rie qui att\u00e9nuent le risque d&rsquo;arrachement des t\u00f4les en cas de vents violents<\/li>\n<\/ul>\n<h4>\u00c9CONOMIE ET DURABILIT\u00c9 GR\u00c2CE \u00c0 LA GALVANISATION<\/h4>\n<ul>\n<li>Pr\u00e9servation de la structure face aux effets n\u00e9fastes des variations de temp\u00e9ratures ext\u00e9rieures et du temps qui passe gr\u00e2ce \u00e0 l&rsquo;action anti-corrosion sur les \u00e9l\u00e9ments en m\u00e9tal<\/li>\n<li>Suppression des co\u00fbts d\u2019entretien sur le tr\u00e8s long terme contrairement \u00e0 une structure peinte qui n\u00e9cessite des retouches r\u00e9guli\u00e8res<\/li>\n<\/ul>\n<h4>ASSURANCE FABRICANT<\/h4>\n<ul>\n<li>Garanties fabricant incluses avec notre\u00a0<strong>assurance\u00a0<\/strong><\/li>\n<\/ul>\n<h4>LIVRAISON ET MONTAGE SIMPLES<\/h4>\n<ul>\n<li>Materiel EN STOCK dans notre base logistique<\/li>\n<li><strong>Montage ais\u00e9<\/strong>, m\u00eame sans connaissance technique, \u00e0 l&rsquo;aide d&rsquo;un outillage l\u00e9ger, gr\u00e2ce aux trous oblongs, aux poteaux pr\u00e9s-perc\u00e9s \u00e0 fixer, \u00e0 la boulonnerie zingu\u00e9e, aux fixations, aux vis auto-foreuses et aux profil\u00a0<strong>\u03a3<\/strong>\u00a0tr\u00e8s maniables<\/li>\n<\/ul>\n<h4>LE MEILLEUR RAPPORT QUALIT\u00c9\/PRIX DU MARCH\u00c9<\/h4>\n<ul>\n<li>Budget centr\u00e9 sur votre besoin premier : ne d\u00e9pensez que l&rsquo;essentiel et non l&rsquo;accessoire<\/li>\n<li>20 ans d&rsquo;expertise et des\u00a0<strong>centaines de clients t\u00e9moignent<\/strong>\u00a0que nos prix sont les plus comp\u00e9titifs du march\u00e9<\/li>\n<\/ul>\n","protected":false},"excerpt":{"rendered":"<ul>\n<li>Superficie\u00a081m<sup>2<\/sup><\/li>\n<li>Hauteur\u00a03.04m<\/li>\n<li>Type de pente\u00a0Monopente (10%)<\/li>\n<li>Largeur\u00a05.4m<\/li>\n<li>Longueur\u00a015m<\/li>\n<\/ul>\n","protected":false},"featured_media":43742,"comment_status":"open","ping_status":"closed","template":"","meta":[],"product_brand":[],"product_cat":[1146,942],"product_tag":[1009,1008,1010],"class_list":{"0":"post-3230","1":"product","2":"type-product","3":"status-publish","4":"has-post-thumbnail","6":"product_cat-abris","7":"product_cat-charpenterie","8":"product_tag-habillage","9":"product_tag-separation","10":"product_tag-soudage","12":"first","13":"instock","14":"sold-individually","15":"shipping-taxable","16":"product-type-simple"},"_links":{"self":[{"href":"https:\/\/www.sofame.tn\/fr\/wp-json\/wp\/v2\/product\/3230","targetHints":{"allow":["GET"]}}],"collection":[{"href":"https:\/\/www.sofame.tn\/fr\/wp-json\/wp\/v2\/product"}],"about":[{"href":"https:\/\/www.sofame.tn\/fr\/wp-json\/wp\/v2\/types\/product"}],"replies":[{"embeddable":true,"href":"https:\/\/www.sofame.tn\/fr\/wp-json\/wp\/v2\/comments?post=3230"}],"wp:featuredmedia":[{"embeddable":true,"href":"https:\/\/www.sofame.tn\/fr\/wp-json\/wp\/v2\/media\/43742"}],"wp:attachment":[{"href":"https:\/\/www.sofame.tn\/fr\/wp-json\/wp\/v2\/media?parent=3230"}],"wp:term":[{"taxonomy":"product_brand","embeddable":true,"href":"https:\/\/www.sofame.tn\/fr\/wp-json\/wp\/v2\/product_brand?post=3230"},{"taxonomy":"product_cat","embeddable":true,"href":"https:\/\/www.sofame.tn\/fr\/wp-json\/wp\/v2\/product_cat?post=3230"},{"taxonomy":"product_tag","embeddable":true,"href":"https:\/\/www.sofame.tn\/fr\/wp-json\/wp\/v2\/product_tag?post=3230"}],"curies":[{"name":"wp","href":"https:\/\/api.w.org\/{rel}","templated":true}]}}